{"id":1531,"date":"2020-06-17T18:12:12","date_gmt":"2020-06-17T16:12:12","guid":{"rendered":"https:\/\/clean-protec.eu\/index.php\/produit\/import-placeholder-for-75\/"},"modified":"2020-12-12T22:24:00","modified_gmt":"2020-12-12T21:24:00","slug":"single","status":"publish","type":"product","link":"https:\/\/www.clean-protec.eu\/index.php\/produit\/single\/","title":{"rendered":"Masque chirurgical Type IIR Haute Filtration \u2265 99,8% &#8211; Bo\u00eete de 50 unit\u00e9s"},"content":{"rendered":"<ul>\n<li class=\"couleur_bleu\">Masques chirurgicaux \u00e0 haute filtration\u00a0\u00e0 \u00e9lastique<\/li>\n<li class=\"couleur_bleu\">Le plus haut niveau de filtration pour les masques chirurgicaux.<\/li>\n<li class=\"couleur_bleu\">Conformes \u00e0 la norme europ\u00e9enne EN 14683<\/li>\n<li class=\"couleur_bleu\">filtration bact\u00e9rienne (EFB) de Type IIR sup\u00e9rieure \u2265 99,8%<\/li>\n<li class=\"couleur_bleu\">Ajustable \u00e0 la forme du visage par barrette m\u00e9tallique<\/li>\n<li class=\"couleur_bleu\">Hypoallerg\u00e9nique, sans latex<\/li>\n<\/ul>\n","protected":false},"excerpt":{"rendered":"<ul>\n<li>Dispositif m\u00e9dical CE<\/li>\n<li>Non st\u00e9rile, \u00e0 usage unique<\/li>\n<li>Couleur : bleu<\/li>\n<\/ul>\n","protected":false},"featured_media":2307,"comment_status":"open","ping_status":"closed","template":"","meta":[],"product_cat":[198],"product_tag":[],"yoast_head":"<!-- This site is optimized with the Yoast SEO plugin v21.1 - https:\/\/yoast.com\/wordpress\/plugins\/seo\/ -->\n<title>Masque chirurgical Type IIR Haute Filtration \u2265 99,8% - Bo\u00eete de 50 unit\u00e9s<\/title>\n<meta name=\"description\" content=\"Masque en polypropyl\u00e8ne non tiss\u00e9, mati\u00e8re r\u00e9sistante aux a\u00e9rosols, aux liquides et au sang. Masque jetable conforme EN 14683 type 2R et CE\" \/>\n<meta name=\"robots\" content=\"index, follow, max-snippet:-1, max-image-preview:large, max-video-preview:-1\" \/>\n<link rel=\"canonical\" href=\"https:\/\/www.clean-protec.eu\/index.php\/produit\/single\/\" \/>\n<meta property=\"og:locale\" content=\"fr_FR\" \/>\n<meta property=\"og:type\" content=\"article\" \/>\n<meta property=\"og:title\" content=\"Masque chirurgical Type IIR Haute Filtration \u2265 99,8% - Bo\u00eete de 50 unit\u00e9s\" \/>\n<meta property=\"og:description\" content=\"Masque en polypropyl\u00e8ne non tiss\u00e9, mati\u00e8re r\u00e9sistante aux a\u00e9rosols, aux liquides et au sang. Masque jetable conforme EN 14683 type 2R et CE\" \/>\n<meta property=\"og:url\" content=\"https:\/\/www.clean-protec.eu\/index.php\/produit\/single\/\" \/>\n<meta property=\"og:site_name\" content=\"CLEAN PROTEC\" \/>\n<meta property=\"article:publisher\" content=\"https:\/\/www.facebook.com\/114202367035261\/posts\/128364112285753\/?d=n&amp;amp%3bamp%3bamp%3bamp%3bamp%3bamp%3bamp%3bamp%3bamp%3bamp%3bsubstory_index=2\" \/>\n<meta property=\"article:modified_time\" content=\"2020-12-12T21:24:00+00:00\" \/>\n<meta property=\"og:image\" content=\"https:\/\/www.clean-protec.eu\/wp-content\/uploads\/2020\/06\/3A-medical-IIR-mondkapjes_6-jpg-600x445-1.jpg\" \/>\n\t<meta property=\"og:image:width\" content=\"600\" \/>\n\t<meta property=\"og:image:height\" content=\"445\" \/>\n\t<meta property=\"og:image:type\" content=\"image\/jpeg\" \/>\n<meta name=\"twitter:card\" content=\"summary_large_image\" \/>\n<script type=\"application\/ld+json\" class=\"yoast-schema-graph\">{\"@context\":\"https:\/\/schema.org\",\"@graph\":[{\"@type\":\"WebPage\",\"@id\":\"https:\/\/www.clean-protec.eu\/index.php\/produit\/single\/\",\"url\":\"https:\/\/www.clean-protec.eu\/index.php\/produit\/single\/\",\"name\":\"Masque chirurgical Type IIR Haute Filtration \u2265 99,8% - Bo\u00eete de 50 unit\u00e9s\",\"isPartOf\":{\"@id\":\"https:\/\/www.clean-protec.eu\/#website\"},\"datePublished\":\"2020-06-17T16:12:12+00:00\",\"dateModified\":\"2020-12-12T21:24:00+00:00\",\"description\":\"Masque en polypropyl\u00e8ne non tiss\u00e9, mati\u00e8re r\u00e9sistante aux a\u00e9rosols, aux liquides et au sang. Masque jetable conforme EN 14683 type 2R et CE\",\"breadcrumb\":{\"@id\":\"https:\/\/www.clean-protec.eu\/index.php\/produit\/single\/#breadcrumb\"},\"inLanguage\":\"fr-FR\",\"potentialAction\":[{\"@type\":\"ReadAction\",\"target\":[\"https:\/\/www.clean-protec.eu\/index.php\/produit\/single\/\"]}]},{\"@type\":\"BreadcrumbList\",\"@id\":\"https:\/\/www.clean-protec.eu\/index.php\/produit\/single\/#breadcrumb\",\"itemListElement\":[{\"@type\":\"ListItem\",\"position\":1,\"name\":\"Accueil\",\"item\":\"https:\/\/www.clean-protec.eu\/\"},{\"@type\":\"ListItem\",\"position\":2,\"name\":\"Boutique Medical\",\"item\":\"https:\/\/www.clean-protec.eu\/index.php\/shop-2\/\"},{\"@type\":\"ListItem\",\"position\":3,\"name\":\"Masque chirurgical Type IIR Haute Filtration \u2265 99,8% &#8211; Bo\u00eete de 50 unit\u00e9s\"}]},{\"@type\":\"WebSite\",\"@id\":\"https:\/\/www.clean-protec.eu\/#website\",\"url\":\"https:\/\/www.clean-protec.eu\/\",\"name\":\"Clean Protec\",\"description\":\"CLEAN PROTEC est sp\u00e9cialis\u00e9 dans la vente d&#039;\u00e9quipements de protections individuelles et de m\u00e9dicaux en France\",\"publisher\":{\"@id\":\"https:\/\/www.clean-protec.eu\/#organization\"},\"potentialAction\":[{\"@type\":\"SearchAction\",\"target\":{\"@type\":\"EntryPoint\",\"urlTemplate\":\"https:\/\/www.clean-protec.eu\/?s={search_term_string}\"},\"query-input\":\"required name=search_term_string\"}],\"inLanguage\":\"fr-FR\"},{\"@type\":\"Organization\",\"@id\":\"https:\/\/www.clean-protec.eu\/#organization\",\"name\":\"Clean Protec\",\"url\":\"https:\/\/www.clean-protec.eu\/\",\"logo\":{\"@type\":\"ImageObject\",\"inLanguage\":\"fr-FR\",\"@id\":\"https:\/\/www.clean-protec.eu\/#\/schema\/logo\/image\/\",\"url\":\"https:\/\/www.clean-protec.eu\/wp-content\/uploads\/2020\/05\/logo_clean_protec1.png\",\"contentUrl\":\"https:\/\/www.clean-protec.eu\/wp-content\/uploads\/2020\/05\/logo_clean_protec1.png\",\"width\":354,\"height\":275,\"caption\":\"Clean Protec\"},\"image\":{\"@id\":\"https:\/\/www.clean-protec.eu\/#\/schema\/logo\/image\/\"},\"sameAs\":[\"https:\/\/www.facebook.com\/114202367035261\/posts\/128364112285753\/?d=n&amp;amp;amp;amp;amp;amp;amp;amp;amp;amp;substory_index=2\"]}]}<\/script>\n<!-- \/ Yoast SEO plugin. -->","yoast_head_json":{"title":"Masque chirurgical Type IIR Haute Filtration \u2265 99,8% - Bo\u00eete de 50 unit\u00e9s","description":"Masque en polypropyl\u00e8ne non tiss\u00e9, mati\u00e8re r\u00e9sistante aux a\u00e9rosols, aux liquides et au sang. Masque jetable conforme EN 14683 type 2R et CE","robots":{"index":"index","follow":"follow","max-snippet":"max-snippet:-1","max-image-preview":"max-image-preview:large","max-video-preview":"max-video-preview:-1"},"canonical":"https:\/\/www.clean-protec.eu\/index.php\/produit\/single\/","og_locale":"fr_FR","og_type":"article","og_title":"Masque chirurgical Type IIR Haute Filtration \u2265 99,8% - Bo\u00eete de 50 unit\u00e9s","og_description":"Masque en polypropyl\u00e8ne non tiss\u00e9, mati\u00e8re r\u00e9sistante aux a\u00e9rosols, aux liquides et au sang. Masque jetable conforme EN 14683 type 2R et CE","og_url":"https:\/\/www.clean-protec.eu\/index.php\/produit\/single\/","og_site_name":"CLEAN PROTEC","article_publisher":"https:\/\/www.facebook.com\/114202367035261\/posts\/128364112285753\/?d=n&amp%3bamp%3bamp%3bamp%3bamp%3bamp%3bamp%3bamp%3bamp%3bamp%3bsubstory_index=2","article_modified_time":"2020-12-12T21:24:00+00:00","og_image":[{"width":600,"height":445,"url":"https:\/\/www.clean-protec.eu\/wp-content\/uploads\/2020\/06\/3A-medical-IIR-mondkapjes_6-jpg-600x445-1.jpg","type":"image\/jpeg"}],"twitter_card":"summary_large_image","schema":{"@context":"https:\/\/schema.org","@graph":[{"@type":"WebPage","@id":"https:\/\/www.clean-protec.eu\/index.php\/produit\/single\/","url":"https:\/\/www.clean-protec.eu\/index.php\/produit\/single\/","name":"Masque chirurgical Type IIR Haute Filtration \u2265 99,8% - Bo\u00eete de 50 unit\u00e9s","isPartOf":{"@id":"https:\/\/www.clean-protec.eu\/#website"},"datePublished":"2020-06-17T16:12:12+00:00","dateModified":"2020-12-12T21:24:00+00:00","description":"Masque en polypropyl\u00e8ne non tiss\u00e9, mati\u00e8re r\u00e9sistante aux a\u00e9rosols, aux liquides et au sang. Masque jetable conforme EN 14683 type 2R et CE","breadcrumb":{"@id":"https:\/\/www.clean-protec.eu\/index.php\/produit\/single\/#breadcrumb"},"inLanguage":"fr-FR","potentialAction":[{"@type":"ReadAction","target":["https:\/\/www.clean-protec.eu\/index.php\/produit\/single\/"]}]},{"@type":"BreadcrumbList","@id":"https:\/\/www.clean-protec.eu\/index.php\/produit\/single\/#breadcrumb","itemListElement":[{"@type":"ListItem","position":1,"name":"Accueil","item":"https:\/\/www.clean-protec.eu\/"},{"@type":"ListItem","position":2,"name":"Boutique Medical","item":"https:\/\/www.clean-protec.eu\/index.php\/shop-2\/"},{"@type":"ListItem","position":3,"name":"Masque chirurgical Type IIR Haute Filtration \u2265 99,8% &#8211; Bo\u00eete de 50 unit\u00e9s"}]},{"@type":"WebSite","@id":"https:\/\/www.clean-protec.eu\/#website","url":"https:\/\/www.clean-protec.eu\/","name":"Clean Protec","description":"CLEAN PROTEC est sp\u00e9cialis\u00e9 dans la vente d&#039;\u00e9quipements de protections individuelles et de m\u00e9dicaux en France","publisher":{"@id":"https:\/\/www.clean-protec.eu\/#organization"},"potentialAction":[{"@type":"SearchAction","target":{"@type":"EntryPoint","urlTemplate":"https:\/\/www.clean-protec.eu\/?s={search_term_string}"},"query-input":"required name=search_term_string"}],"inLanguage":"fr-FR"},{"@type":"Organization","@id":"https:\/\/www.clean-protec.eu\/#organization","name":"Clean Protec","url":"https:\/\/www.clean-protec.eu\/","logo":{"@type":"ImageObject","inLanguage":"fr-FR","@id":"https:\/\/www.clean-protec.eu\/#\/schema\/logo\/image\/","url":"https:\/\/www.clean-protec.eu\/wp-content\/uploads\/2020\/05\/logo_clean_protec1.png","contentUrl":"https:\/\/www.clean-protec.eu\/wp-content\/uploads\/2020\/05\/logo_clean_protec1.png","width":354,"height":275,"caption":"Clean Protec"},"image":{"@id":"https:\/\/www.clean-protec.eu\/#\/schema\/logo\/image\/"},"sameAs":["https:\/\/www.facebook.com\/114202367035261\/posts\/128364112285753\/?d=n&amp;amp;amp;amp;amp;amp;amp;amp;amp;amp;substory_index=2"]}]}},"_links":{"self":[{"href":"https:\/\/www.clean-protec.eu\/index.php\/wp-json\/wp\/v2\/product\/1531"}],"collection":[{"href":"https:\/\/www.clean-protec.eu\/index.php\/wp-json\/wp\/v2\/product"}],"about":[{"href":"https:\/\/www.clean-protec.eu\/index.php\/wp-json\/wp\/v2\/types\/product"}],"replies":[{"embeddable":true,"href":"https:\/\/www.clean-protec.eu\/index.php\/wp-json\/wp\/v2\/comments?post=1531"}],"wp:featuredmedia":[{"embeddable":true,"href":"https:\/\/www.clean-protec.eu\/index.php\/wp-json\/wp\/v2\/media\/2307"}],"wp:attachment":[{"href":"https:\/\/www.clean-protec.eu\/index.php\/wp-json\/wp\/v2\/media?parent=1531"}],"wp:term":[{"taxonomy":"product_cat","embeddable":true,"href":"https:\/\/www.clean-protec.eu\/index.php\/wp-json\/wp\/v2\/product_cat?post=1531"},{"taxonomy":"product_tag","embeddable":true,"href":"https:\/\/www.clean-protec.eu\/index.php\/wp-json\/wp\/v2\/product_tag?post=1531"}],"curies":[{"name":"wp","href":"https:\/\/api.w.org\/{rel}","templated":true}]}}