{"id":1538,"date":"2020-06-17T18:12:12","date_gmt":"2020-06-17T16:12:12","guid":{"rendered":"https:\/\/clean-protec.eu\/index.php\/produit\/import-placeholder-for-83\/"},"modified":"2020-12-13T22:16:17","modified_gmt":"2020-12-13T21:16:17","slug":"masque-de-protection-respiratoire-kn95-ffp2-lot-3-pieces","status":"publish","type":"product","link":"https:\/\/www.clean-protec.eu\/index.php\/produit\/masque-de-protection-respiratoire-kn95-ffp2-lot-3-pieces\/","title":{"rendered":"Masque de Protection Respiratoire KN95 &#8211; boite 3 pi\u00e8ces"},"content":{"rendered":"<div id=\"hello\">\n<section class=\"page-product-box wrapper\">\n<h5 class=\"page-product-heading page-heading-title\"><span style=\"font-size: 16px;\">En effet Le <\/span>Masque de protection respiratoire KN95<span style=\"font-size: 16px;\"> est con\u00e7u pour offrir une protection optimale contre les risques d&rsquo;inhalation d&rsquo;agents infectieux.\u00a0<\/span><\/h5>\n<h5 class=\"page-product-heading page-heading-title\"><span style=\"font-size: 16px;\"> il r\u00e9duit les <\/span>risques de contamination<span style=\"font-size: 16px;\">\u00a0et de\u00a0<\/span>propagation des virus<span style=\"font-size: 16px;\">.\u00a0<\/span><\/h5>\n<div class=\"cat_desc rte\">\n<p>Ce masque KN95 est conseill\u00e9 :<\/p>\n<ul>\n<li>Aux\u00a0<strong>professionnels\u00a0de la sant\u00e9\u00a0<\/strong>en contact avec des personnes souffrantes de virus ou de maladies infectieuses \u00e0 risque.<\/li>\n<li>En\u00a0<strong>cas de virus<\/strong>\u00a0ou de\u00a0<strong>maladies infectieuses respiratoires<\/strong>.<\/li>\n<\/ul>\n<\/div>\n<\/section>\n<\/div>\n<div id=\"settings\">\n<section class=\"page-product-box\">\n<section class=\"section_native_menu tab_content_1 page-product-box tab-pane\">\n<div data-tab=\"21\">\n<div class=\"wrapper-content-tabs\">\n<p>Veillez \u00e0 bien\u00a0positionner le masque sur le visage en s&rsquo;assurant qu&rsquo;il soit en contact avec les ailes du nez.<\/p>\n<p>Aussi ce dispositif m\u00e9dical est \u00e0 usage unique, non st\u00e9rile.<\/p>\n<\/div>\n<\/div>\n<\/section>\n<\/section>\n<\/div>\n","protected":false},"excerpt":{"rendered":"<ul>\n<li>Filtration bact\u00e9rienne (EFB) \u2265 95 %<\/li>\n<li>d\u00e9al contre les particules fines et toxiques, ainsi que contre les virus grippaux.<\/li>\n<li>La barrette nasale assure un bon ajustement \u00e9tanche pour le porteur.<\/li>\n<li>Forme ergonomique pour le confort et la facilit\u00e9 d&rsquo;utilisation.<\/li>\n<\/ul>\n","protected":false},"featured_media":2116,"comment_status":"open","ping_status":"closed","template":"","meta":[],"product_cat":[198],"product_tag":[],"yoast_head":"<!-- This site is optimized with the Yoast SEO plugin v21.1 - https:\/\/yoast.com\/wordpress\/plugins\/seo\/ -->\n<title>Masque de Protection Respiratoire KN95 - boite 3 pi\u00e8ces<\/title>\n<meta name=\"description\" content=\"Le Masque KN95 conf\u00e8re une protection optimale,il r\u00e9duit les risque d&#039;inalation de particules et limite la proliferation des virus.\" \/>\n<meta name=\"robots\" content=\"index, follow, max-snippet:-1, max-image-preview:large, max-video-preview:-1\" \/>\n<link rel=\"canonical\" href=\"https:\/\/www.clean-protec.eu\/index.php\/produit\/masque-de-protection-respiratoire-kn95-ffp2-lot-3-pieces\/\" \/>\n<meta property=\"og:locale\" content=\"fr_FR\" \/>\n<meta property=\"og:type\" content=\"article\" \/>\n<meta property=\"og:title\" content=\"Masque de Protection Respiratoire KN95 - boite 3 pi\u00e8ces\" \/>\n<meta property=\"og:description\" content=\"Le Masque KN95 conf\u00e8re une protection optimale,il r\u00e9duit les risque d&#039;inalation de particules et limite la proliferation des virus.\" \/>\n<meta property=\"og:url\" content=\"https:\/\/www.clean-protec.eu\/index.php\/produit\/masque-de-protection-respiratoire-kn95-ffp2-lot-3-pieces\/\" \/>\n<meta property=\"og:site_name\" content=\"CLEAN PROTEC\" \/>\n<meta property=\"article:publisher\" content=\"https:\/\/www.facebook.com\/114202367035261\/posts\/128364112285753\/?d=n&amp;amp%3bamp%3bamp%3bamp%3bamp%3bamp%3bamp%3bamp%3bamp%3bamp%3bsubstory_index=2\" \/>\n<meta property=\"article:modified_time\" content=\"2020-12-13T21:16:17+00:00\" \/>\n<meta property=\"og:image\" content=\"https:\/\/www.clean-protec.eu\/wp-content\/uploads\/2020\/06\/masque-de-protection-kn95-coloris-blanc.jpg\" \/>\n\t<meta property=\"og:image:width\" content=\"1100\" \/>\n\t<meta property=\"og:image:height\" content=\"1100\" \/>\n\t<meta property=\"og:image:type\" content=\"image\/jpeg\" \/>\n<meta name=\"twitter:card\" content=\"summary_large_image\" \/>\n<script type=\"application\/ld+json\" class=\"yoast-schema-graph\">{\"@context\":\"https:\/\/schema.org\",\"@graph\":[{\"@type\":\"WebPage\",\"@id\":\"https:\/\/www.clean-protec.eu\/index.php\/produit\/masque-de-protection-respiratoire-kn95-ffp2-lot-3-pieces\/\",\"url\":\"https:\/\/www.clean-protec.eu\/index.php\/produit\/masque-de-protection-respiratoire-kn95-ffp2-lot-3-pieces\/\",\"name\":\"Masque de Protection Respiratoire KN95 - boite 3 pi\u00e8ces\",\"isPartOf\":{\"@id\":\"https:\/\/www.clean-protec.eu\/#website\"},\"datePublished\":\"2020-06-17T16:12:12+00:00\",\"dateModified\":\"2020-12-13T21:16:17+00:00\",\"description\":\"Le Masque KN95 conf\u00e8re une protection optimale,il r\u00e9duit les risque d'inalation de particules et limite la proliferation des virus.\",\"breadcrumb\":{\"@id\":\"https:\/\/www.clean-protec.eu\/index.php\/produit\/masque-de-protection-respiratoire-kn95-ffp2-lot-3-pieces\/#breadcrumb\"},\"inLanguage\":\"fr-FR\",\"potentialAction\":[{\"@type\":\"ReadAction\",\"target\":[\"https:\/\/www.clean-protec.eu\/index.php\/produit\/masque-de-protection-respiratoire-kn95-ffp2-lot-3-pieces\/\"]}]},{\"@type\":\"BreadcrumbList\",\"@id\":\"https:\/\/www.clean-protec.eu\/index.php\/produit\/masque-de-protection-respiratoire-kn95-ffp2-lot-3-pieces\/#breadcrumb\",\"itemListElement\":[{\"@type\":\"ListItem\",\"position\":1,\"name\":\"Accueil\",\"item\":\"https:\/\/www.clean-protec.eu\/\"},{\"@type\":\"ListItem\",\"position\":2,\"name\":\"Boutique Medical\",\"item\":\"https:\/\/www.clean-protec.eu\/index.php\/shop-2\/\"},{\"@type\":\"ListItem\",\"position\":3,\"name\":\"Masque de Protection Respiratoire KN95 &#8211; boite 3 pi\u00e8ces\"}]},{\"@type\":\"WebSite\",\"@id\":\"https:\/\/www.clean-protec.eu\/#website\",\"url\":\"https:\/\/www.clean-protec.eu\/\",\"name\":\"Clean Protec\",\"description\":\"CLEAN PROTEC est sp\u00e9cialis\u00e9 dans la vente d&#039;\u00e9quipements de protections individuelles et de m\u00e9dicaux en France\",\"publisher\":{\"@id\":\"https:\/\/www.clean-protec.eu\/#organization\"},\"potentialAction\":[{\"@type\":\"SearchAction\",\"target\":{\"@type\":\"EntryPoint\",\"urlTemplate\":\"https:\/\/www.clean-protec.eu\/?s={search_term_string}\"},\"query-input\":\"required name=search_term_string\"}],\"inLanguage\":\"fr-FR\"},{\"@type\":\"Organization\",\"@id\":\"https:\/\/www.clean-protec.eu\/#organization\",\"name\":\"Clean Protec\",\"url\":\"https:\/\/www.clean-protec.eu\/\",\"logo\":{\"@type\":\"ImageObject\",\"inLanguage\":\"fr-FR\",\"@id\":\"https:\/\/www.clean-protec.eu\/#\/schema\/logo\/image\/\",\"url\":\"https:\/\/www.clean-protec.eu\/wp-content\/uploads\/2020\/05\/logo_clean_protec1.png\",\"contentUrl\":\"https:\/\/www.clean-protec.eu\/wp-content\/uploads\/2020\/05\/logo_clean_protec1.png\",\"width\":354,\"height\":275,\"caption\":\"Clean Protec\"},\"image\":{\"@id\":\"https:\/\/www.clean-protec.eu\/#\/schema\/logo\/image\/\"},\"sameAs\":[\"https:\/\/www.facebook.com\/114202367035261\/posts\/128364112285753\/?d=n&amp;amp;amp;amp;amp;amp;amp;amp;amp;amp;substory_index=2\"]}]}<\/script>\n<!-- \/ Yoast SEO plugin. -->","yoast_head_json":{"title":"Masque de Protection Respiratoire KN95 - boite 3 pi\u00e8ces","description":"Le Masque KN95 conf\u00e8re une protection optimale,il r\u00e9duit les risque d'inalation de particules et limite la proliferation des virus.","robots":{"index":"index","follow":"follow","max-snippet":"max-snippet:-1","max-image-preview":"max-image-preview:large","max-video-preview":"max-video-preview:-1"},"canonical":"https:\/\/www.clean-protec.eu\/index.php\/produit\/masque-de-protection-respiratoire-kn95-ffp2-lot-3-pieces\/","og_locale":"fr_FR","og_type":"article","og_title":"Masque de Protection Respiratoire KN95 - boite 3 pi\u00e8ces","og_description":"Le Masque KN95 conf\u00e8re une protection optimale,il r\u00e9duit les risque d'inalation de particules et limite la proliferation des virus.","og_url":"https:\/\/www.clean-protec.eu\/index.php\/produit\/masque-de-protection-respiratoire-kn95-ffp2-lot-3-pieces\/","og_site_name":"CLEAN PROTEC","article_publisher":"https:\/\/www.facebook.com\/114202367035261\/posts\/128364112285753\/?d=n&amp%3bamp%3bamp%3bamp%3bamp%3bamp%3bamp%3bamp%3bamp%3bamp%3bsubstory_index=2","article_modified_time":"2020-12-13T21:16:17+00:00","og_image":[{"width":1100,"height":1100,"url":"https:\/\/www.clean-protec.eu\/wp-content\/uploads\/2020\/06\/masque-de-protection-kn95-coloris-blanc.jpg","type":"image\/jpeg"}],"twitter_card":"summary_large_image","schema":{"@context":"https:\/\/schema.org","@graph":[{"@type":"WebPage","@id":"https:\/\/www.clean-protec.eu\/index.php\/produit\/masque-de-protection-respiratoire-kn95-ffp2-lot-3-pieces\/","url":"https:\/\/www.clean-protec.eu\/index.php\/produit\/masque-de-protection-respiratoire-kn95-ffp2-lot-3-pieces\/","name":"Masque de Protection Respiratoire KN95 - boite 3 pi\u00e8ces","isPartOf":{"@id":"https:\/\/www.clean-protec.eu\/#website"},"datePublished":"2020-06-17T16:12:12+00:00","dateModified":"2020-12-13T21:16:17+00:00","description":"Le Masque KN95 conf\u00e8re une protection optimale,il r\u00e9duit les risque d'inalation de particules et limite la proliferation des virus.","breadcrumb":{"@id":"https:\/\/www.clean-protec.eu\/index.php\/produit\/masque-de-protection-respiratoire-kn95-ffp2-lot-3-pieces\/#breadcrumb"},"inLanguage":"fr-FR","potentialAction":[{"@type":"ReadAction","target":["https:\/\/www.clean-protec.eu\/index.php\/produit\/masque-de-protection-respiratoire-kn95-ffp2-lot-3-pieces\/"]}]},{"@type":"BreadcrumbList","@id":"https:\/\/www.clean-protec.eu\/index.php\/produit\/masque-de-protection-respiratoire-kn95-ffp2-lot-3-pieces\/#breadcrumb","itemListElement":[{"@type":"ListItem","position":1,"name":"Accueil","item":"https:\/\/www.clean-protec.eu\/"},{"@type":"ListItem","position":2,"name":"Boutique Medical","item":"https:\/\/www.clean-protec.eu\/index.php\/shop-2\/"},{"@type":"ListItem","position":3,"name":"Masque de Protection Respiratoire KN95 &#8211; boite 3 pi\u00e8ces"}]},{"@type":"WebSite","@id":"https:\/\/www.clean-protec.eu\/#website","url":"https:\/\/www.clean-protec.eu\/","name":"Clean Protec","description":"CLEAN PROTEC est sp\u00e9cialis\u00e9 dans la vente d&#039;\u00e9quipements de protections individuelles et de m\u00e9dicaux en France","publisher":{"@id":"https:\/\/www.clean-protec.eu\/#organization"},"potentialAction":[{"@type":"SearchAction","target":{"@type":"EntryPoint","urlTemplate":"https:\/\/www.clean-protec.eu\/?s={search_term_string}"},"query-input":"required name=search_term_string"}],"inLanguage":"fr-FR"},{"@type":"Organization","@id":"https:\/\/www.clean-protec.eu\/#organization","name":"Clean Protec","url":"https:\/\/www.clean-protec.eu\/","logo":{"@type":"ImageObject","inLanguage":"fr-FR","@id":"https:\/\/www.clean-protec.eu\/#\/schema\/logo\/image\/","url":"https:\/\/www.clean-protec.eu\/wp-content\/uploads\/2020\/05\/logo_clean_protec1.png","contentUrl":"https:\/\/www.clean-protec.eu\/wp-content\/uploads\/2020\/05\/logo_clean_protec1.png","width":354,"height":275,"caption":"Clean Protec"},"image":{"@id":"https:\/\/www.clean-protec.eu\/#\/schema\/logo\/image\/"},"sameAs":["https:\/\/www.facebook.com\/114202367035261\/posts\/128364112285753\/?d=n&amp;amp;amp;amp;amp;amp;amp;amp;amp;amp;substory_index=2"]}]}},"_links":{"self":[{"href":"https:\/\/www.clean-protec.eu\/index.php\/wp-json\/wp\/v2\/product\/1538"}],"collection":[{"href":"https:\/\/www.clean-protec.eu\/index.php\/wp-json\/wp\/v2\/product"}],"about":[{"href":"https:\/\/www.clean-protec.eu\/index.php\/wp-json\/wp\/v2\/types\/product"}],"replies":[{"embeddable":true,"href":"https:\/\/www.clean-protec.eu\/index.php\/wp-json\/wp\/v2\/comments?post=1538"}],"wp:featuredmedia":[{"embeddable":true,"href":"https:\/\/www.clean-protec.eu\/index.php\/wp-json\/wp\/v2\/media\/2116"}],"wp:attachment":[{"href":"https:\/\/www.clean-protec.eu\/index.php\/wp-json\/wp\/v2\/media?parent=1538"}],"wp:term":[{"taxonomy":"product_cat","embeddable":true,"href":"https:\/\/www.clean-protec.eu\/index.php\/wp-json\/wp\/v2\/product_cat?post=1538"},{"taxonomy":"product_tag","embeddable":true,"href":"https:\/\/www.clean-protec.eu\/index.php\/wp-json\/wp\/v2\/product_tag?post=1538"}],"curies":[{"name":"wp","href":"https:\/\/api.w.org\/{rel}","templated":true}]}}