{"id":1873,"date":"2020-07-01T23:58:50","date_gmt":"2020-07-01T21:58:50","guid":{"rendered":"https:\/\/clean-protec.eu\/?post_type=product&#038;p=1873"},"modified":"2020-12-08T23:38:47","modified_gmt":"2020-12-08T22:38:47","slug":"lingettes-de-poche-antibacteriennes-parfumees-au-citron-vert-et-menthe-etui-de-15","status":"publish","type":"product","link":"https:\/\/www.clean-protec.eu\/index.php\/produit\/lingettes-de-poche-antibacteriennes-parfumees-au-citron-vert-et-menthe-etui-de-15\/","title":{"rendered":"Lingettes de poche antibact\u00e9riennes parfum\u00e9es au citron vert et menthe &#8211; \u00e9tui de 15"},"content":{"rendered":"<ul>\n<li>Lingette bact\u00e9riennes id\u00e9ale pour la d\u00e9sinfection rapide des mains et visage<\/li>\n<li>nettoie imm\u00e9diatement les salissures<\/li>\n<li>tue 99,9% des bact\u00e9ries<\/li>\n<li>Ultra r\u00e9sistante et pratique<\/li>\n<li>odeur citron vert et menthe<\/li>\n<li>Pays de fabrication : TURQUIE<\/li>\n<li>Quantit\u00e9 d&#8217;emballage: 15 pcs.<\/li>\n<\/ul>\n","protected":false},"excerpt":{"rendered":"<p><span style=\"display: inline !important; float: none; background-color: #ffffff; color: #333333; cursor: text; font-family: Georgia,'Times New Roman','Bitstream Charter',Times,serif; font-size: 16px; font-style: normal; font-variant: normal; font-weight: 400; letter-spacing: normal; orphans: 2; text-align: left; text-decoration: none; text-indent: 0px; text-transform: none; -webkit-text-stroke-width: 0px; white-space: normal; word-spacing: 0px;\">Les lingettes humides antibact\u00e9riennes Ultra Compact sont id\u00e9ales pour nettoyer les surfaces et prot\u00e9ger les mains et le visage contre les germes \u00e0 tout moment, n&rsquo;importe o\u00f9, d\u00e9truisent 99% des bact\u00e9ries.<\/span><\/p>\n<p>&nbsp;<\/p>\n","protected":false},"featured_media":1874,"comment_status":"open","ping_status":"closed","template":"","meta":[],"product_cat":[199],"product_tag":[],"yoast_head":"<!-- This site is optimized with the Yoast SEO plugin v21.1 - https:\/\/yoast.com\/wordpress\/plugins\/seo\/ -->\n<title>Lingettes de poche antibact\u00e9riennes parfum\u00e9es au citron vert et menthe - \u00e9tui de 15 &ndash; CLEAN PROTEC<\/title>\n<meta name=\"description\" content=\"Simples et pratique, les lingettes pour les mains et surfaces aident \u00e0 r\u00e9duire les risques de contamination de microbes et vous accompagnent partout.\" \/>\n<meta name=\"robots\" content=\"index, follow, max-snippet:-1, max-image-preview:large, max-video-preview:-1\" \/>\n<link rel=\"canonical\" href=\"https:\/\/www.clean-protec.eu\/index.php\/produit\/lingettes-de-poche-antibacteriennes-parfumees-au-citron-vert-et-menthe-etui-de-15\/\" \/>\n<meta property=\"og:locale\" content=\"fr_FR\" \/>\n<meta property=\"og:type\" content=\"article\" \/>\n<meta property=\"og:title\" content=\"Lingettes de poche antibact\u00e9riennes parfum\u00e9es au citron vert et menthe - \u00e9tui de 15 &ndash; CLEAN PROTEC\" \/>\n<meta property=\"og:description\" content=\"Simples et pratique, les lingettes pour les mains et surfaces aident \u00e0 r\u00e9duire les risques de contamination de microbes et vous accompagnent partout.\" \/>\n<meta property=\"og:url\" content=\"https:\/\/www.clean-protec.eu\/index.php\/produit\/lingettes-de-poche-antibacteriennes-parfumees-au-citron-vert-et-menthe-etui-de-15\/\" \/>\n<meta property=\"og:site_name\" content=\"CLEAN PROTEC\" \/>\n<meta property=\"article:publisher\" content=\"https:\/\/www.facebook.com\/114202367035261\/posts\/128364112285753\/?d=n&amp;amp%3bamp%3bamp%3bamp%3bamp%3bamp%3bamp%3bamp%3bamp%3bamp%3bsubstory_index=2\" \/>\n<meta property=\"article:modified_time\" content=\"2020-12-08T22:38:47+00:00\" \/>\n<meta property=\"og:image\" content=\"https:\/\/www.clean-protec.eu\/wp-content\/uploads\/2020\/07\/Lingettes-antibact\u00e9riales-25-pcs.jpg\" \/>\n\t<meta property=\"og:image:width\" content=\"1080\" \/>\n\t<meta property=\"og:image:height\" content=\"1080\" \/>\n\t<meta property=\"og:image:type\" content=\"image\/jpeg\" \/>\n<meta name=\"twitter:card\" content=\"summary_large_image\" \/>\n<script type=\"application\/ld+json\" class=\"yoast-schema-graph\">{\"@context\":\"https:\/\/schema.org\",\"@graph\":[{\"@type\":\"WebPage\",\"@id\":\"https:\/\/www.clean-protec.eu\/index.php\/produit\/lingettes-de-poche-antibacteriennes-parfumees-au-citron-vert-et-menthe-etui-de-15\/\",\"url\":\"https:\/\/www.clean-protec.eu\/index.php\/produit\/lingettes-de-poche-antibacteriennes-parfumees-au-citron-vert-et-menthe-etui-de-15\/\",\"name\":\"Lingettes de poche antibact\u00e9riennes parfum\u00e9es au citron vert et menthe - \u00e9tui de 15 &ndash; CLEAN PROTEC\",\"isPartOf\":{\"@id\":\"https:\/\/www.clean-protec.eu\/#website\"},\"datePublished\":\"2020-07-01T21:58:50+00:00\",\"dateModified\":\"2020-12-08T22:38:47+00:00\",\"description\":\"Simples et pratique, les lingettes pour les mains et surfaces aident \u00e0 r\u00e9duire les risques de contamination de microbes et vous accompagnent partout.\",\"breadcrumb\":{\"@id\":\"https:\/\/www.clean-protec.eu\/index.php\/produit\/lingettes-de-poche-antibacteriennes-parfumees-au-citron-vert-et-menthe-etui-de-15\/#breadcrumb\"},\"inLanguage\":\"fr-FR\",\"potentialAction\":[{\"@type\":\"ReadAction\",\"target\":[\"https:\/\/www.clean-protec.eu\/index.php\/produit\/lingettes-de-poche-antibacteriennes-parfumees-au-citron-vert-et-menthe-etui-de-15\/\"]}]},{\"@type\":\"BreadcrumbList\",\"@id\":\"https:\/\/www.clean-protec.eu\/index.php\/produit\/lingettes-de-poche-antibacteriennes-parfumees-au-citron-vert-et-menthe-etui-de-15\/#breadcrumb\",\"itemListElement\":[{\"@type\":\"ListItem\",\"position\":1,\"name\":\"Accueil\",\"item\":\"https:\/\/www.clean-protec.eu\/\"},{\"@type\":\"ListItem\",\"position\":2,\"name\":\"Boutique Medical\",\"item\":\"https:\/\/www.clean-protec.eu\/index.php\/shop-2\/\"},{\"@type\":\"ListItem\",\"position\":3,\"name\":\"Lingettes de poche antibact\u00e9riennes parfum\u00e9es au citron vert et menthe &#8211; \u00e9tui de 15\"}]},{\"@type\":\"WebSite\",\"@id\":\"https:\/\/www.clean-protec.eu\/#website\",\"url\":\"https:\/\/www.clean-protec.eu\/\",\"name\":\"Clean Protec\",\"description\":\"CLEAN PROTEC est sp\u00e9cialis\u00e9 dans la vente d&#039;\u00e9quipements de protections individuelles et de m\u00e9dicaux en France\",\"publisher\":{\"@id\":\"https:\/\/www.clean-protec.eu\/#organization\"},\"potentialAction\":[{\"@type\":\"SearchAction\",\"target\":{\"@type\":\"EntryPoint\",\"urlTemplate\":\"https:\/\/www.clean-protec.eu\/?s={search_term_string}\"},\"query-input\":\"required name=search_term_string\"}],\"inLanguage\":\"fr-FR\"},{\"@type\":\"Organization\",\"@id\":\"https:\/\/www.clean-protec.eu\/#organization\",\"name\":\"Clean Protec\",\"url\":\"https:\/\/www.clean-protec.eu\/\",\"logo\":{\"@type\":\"ImageObject\",\"inLanguage\":\"fr-FR\",\"@id\":\"https:\/\/www.clean-protec.eu\/#\/schema\/logo\/image\/\",\"url\":\"https:\/\/www.clean-protec.eu\/wp-content\/uploads\/2020\/05\/logo_clean_protec1.png\",\"contentUrl\":\"https:\/\/www.clean-protec.eu\/wp-content\/uploads\/2020\/05\/logo_clean_protec1.png\",\"width\":354,\"height\":275,\"caption\":\"Clean Protec\"},\"image\":{\"@id\":\"https:\/\/www.clean-protec.eu\/#\/schema\/logo\/image\/\"},\"sameAs\":[\"https:\/\/www.facebook.com\/114202367035261\/posts\/128364112285753\/?d=n&amp;amp;amp;amp;amp;amp;amp;amp;amp;amp;substory_index=2\"]}]}<\/script>\n<!-- \/ Yoast SEO plugin. -->","yoast_head_json":{"title":"Lingettes de poche antibact\u00e9riennes parfum\u00e9es au citron vert et menthe - \u00e9tui de 15 &ndash; CLEAN PROTEC","description":"Simples et pratique, les lingettes pour les mains et surfaces aident \u00e0 r\u00e9duire les risques de contamination de microbes et vous accompagnent partout.","robots":{"index":"index","follow":"follow","max-snippet":"max-snippet:-1","max-image-preview":"max-image-preview:large","max-video-preview":"max-video-preview:-1"},"canonical":"https:\/\/www.clean-protec.eu\/index.php\/produit\/lingettes-de-poche-antibacteriennes-parfumees-au-citron-vert-et-menthe-etui-de-15\/","og_locale":"fr_FR","og_type":"article","og_title":"Lingettes de poche antibact\u00e9riennes parfum\u00e9es au citron vert et menthe - \u00e9tui de 15 &ndash; CLEAN PROTEC","og_description":"Simples et pratique, les lingettes pour les mains et surfaces aident \u00e0 r\u00e9duire les risques de contamination de microbes et vous accompagnent partout.","og_url":"https:\/\/www.clean-protec.eu\/index.php\/produit\/lingettes-de-poche-antibacteriennes-parfumees-au-citron-vert-et-menthe-etui-de-15\/","og_site_name":"CLEAN PROTEC","article_publisher":"https:\/\/www.facebook.com\/114202367035261\/posts\/128364112285753\/?d=n&amp%3bamp%3bamp%3bamp%3bamp%3bamp%3bamp%3bamp%3bamp%3bamp%3bsubstory_index=2","article_modified_time":"2020-12-08T22:38:47+00:00","og_image":[{"width":1080,"height":1080,"url":"https:\/\/www.clean-protec.eu\/wp-content\/uploads\/2020\/07\/Lingettes-antibact\u00e9riales-25-pcs.jpg","type":"image\/jpeg"}],"twitter_card":"summary_large_image","schema":{"@context":"https:\/\/schema.org","@graph":[{"@type":"WebPage","@id":"https:\/\/www.clean-protec.eu\/index.php\/produit\/lingettes-de-poche-antibacteriennes-parfumees-au-citron-vert-et-menthe-etui-de-15\/","url":"https:\/\/www.clean-protec.eu\/index.php\/produit\/lingettes-de-poche-antibacteriennes-parfumees-au-citron-vert-et-menthe-etui-de-15\/","name":"Lingettes de poche antibact\u00e9riennes parfum\u00e9es au citron vert et menthe - \u00e9tui de 15 &ndash; CLEAN PROTEC","isPartOf":{"@id":"https:\/\/www.clean-protec.eu\/#website"},"datePublished":"2020-07-01T21:58:50+00:00","dateModified":"2020-12-08T22:38:47+00:00","description":"Simples et pratique, les lingettes pour les mains et surfaces aident \u00e0 r\u00e9duire les risques de contamination de microbes et vous accompagnent partout.","breadcrumb":{"@id":"https:\/\/www.clean-protec.eu\/index.php\/produit\/lingettes-de-poche-antibacteriennes-parfumees-au-citron-vert-et-menthe-etui-de-15\/#breadcrumb"},"inLanguage":"fr-FR","potentialAction":[{"@type":"ReadAction","target":["https:\/\/www.clean-protec.eu\/index.php\/produit\/lingettes-de-poche-antibacteriennes-parfumees-au-citron-vert-et-menthe-etui-de-15\/"]}]},{"@type":"BreadcrumbList","@id":"https:\/\/www.clean-protec.eu\/index.php\/produit\/lingettes-de-poche-antibacteriennes-parfumees-au-citron-vert-et-menthe-etui-de-15\/#breadcrumb","itemListElement":[{"@type":"ListItem","position":1,"name":"Accueil","item":"https:\/\/www.clean-protec.eu\/"},{"@type":"ListItem","position":2,"name":"Boutique Medical","item":"https:\/\/www.clean-protec.eu\/index.php\/shop-2\/"},{"@type":"ListItem","position":3,"name":"Lingettes de poche antibact\u00e9riennes parfum\u00e9es au citron vert et menthe &#8211; \u00e9tui de 15"}]},{"@type":"WebSite","@id":"https:\/\/www.clean-protec.eu\/#website","url":"https:\/\/www.clean-protec.eu\/","name":"Clean Protec","description":"CLEAN PROTEC est sp\u00e9cialis\u00e9 dans la vente d&#039;\u00e9quipements de protections individuelles et de m\u00e9dicaux en France","publisher":{"@id":"https:\/\/www.clean-protec.eu\/#organization"},"potentialAction":[{"@type":"SearchAction","target":{"@type":"EntryPoint","urlTemplate":"https:\/\/www.clean-protec.eu\/?s={search_term_string}"},"query-input":"required name=search_term_string"}],"inLanguage":"fr-FR"},{"@type":"Organization","@id":"https:\/\/www.clean-protec.eu\/#organization","name":"Clean Protec","url":"https:\/\/www.clean-protec.eu\/","logo":{"@type":"ImageObject","inLanguage":"fr-FR","@id":"https:\/\/www.clean-protec.eu\/#\/schema\/logo\/image\/","url":"https:\/\/www.clean-protec.eu\/wp-content\/uploads\/2020\/05\/logo_clean_protec1.png","contentUrl":"https:\/\/www.clean-protec.eu\/wp-content\/uploads\/2020\/05\/logo_clean_protec1.png","width":354,"height":275,"caption":"Clean Protec"},"image":{"@id":"https:\/\/www.clean-protec.eu\/#\/schema\/logo\/image\/"},"sameAs":["https:\/\/www.facebook.com\/114202367035261\/posts\/128364112285753\/?d=n&amp;amp;amp;amp;amp;amp;amp;amp;amp;amp;substory_index=2"]}]}},"_links":{"self":[{"href":"https:\/\/www.clean-protec.eu\/index.php\/wp-json\/wp\/v2\/product\/1873"}],"collection":[{"href":"https:\/\/www.clean-protec.eu\/index.php\/wp-json\/wp\/v2\/product"}],"about":[{"href":"https:\/\/www.clean-protec.eu\/index.php\/wp-json\/wp\/v2\/types\/product"}],"replies":[{"embeddable":true,"href":"https:\/\/www.clean-protec.eu\/index.php\/wp-json\/wp\/v2\/comments?post=1873"}],"wp:featuredmedia":[{"embeddable":true,"href":"https:\/\/www.clean-protec.eu\/index.php\/wp-json\/wp\/v2\/media\/1874"}],"wp:attachment":[{"href":"https:\/\/www.clean-protec.eu\/index.php\/wp-json\/wp\/v2\/media?parent=1873"}],"wp:term":[{"taxonomy":"product_cat","embeddable":true,"href":"https:\/\/www.clean-protec.eu\/index.php\/wp-json\/wp\/v2\/product_cat?post=1873"},{"taxonomy":"product_tag","embeddable":true,"href":"https:\/\/www.clean-protec.eu\/index.php\/wp-json\/wp\/v2\/product_tag?post=1873"}],"curies":[{"name":"wp","href":"https:\/\/api.w.org\/{rel}","templated":true}]}}