{"id":1896,"date":"2020-07-03T00:27:43","date_gmt":"2020-07-02T22:27:43","guid":{"rendered":"https:\/\/clean-protec.eu\/?post_type=product&#038;p=1896"},"modified":"2020-12-13T20:25:04","modified_gmt":"2020-12-13T19:25:04","slug":"gants-latex-non-poudres-tecnolatex-100-unites","status":"publish","type":"product","link":"https:\/\/www.clean-protec.eu\/index.php\/produit\/gants-latex-non-poudres-tecnolatex-100-unites\/","title":{"rendered":"Gants d&rsquo;examen en latex micro poudr\u00e9s , Bo\u00eete de 100 unit\u00e9s"},"content":{"rendered":"<div class=\"page-product-box description-box\">\n<div class=\"rte\">\n<ul>\n<li>Gants d&rsquo;examen fins \u00e0 usage unique en latex\u00a0 micro poudr\u00e9s<\/li>\n<li>Etanche assurant une barri\u00e8re de protection contre les agents infectieux externes<\/li>\n<li>Convient en milieu m\u00e9dical et agro-alimentaire<\/li>\n<li>finesse du toucher + pr\u00e9cision des gestes<\/li>\n<li>Manchette \u00e0 bord roul\u00e9s facilitant le port du gant<\/li>\n<li>Mati\u00e8re souple : r\u00e9duit la fatigue lors de l&rsquo;utilisation<\/li>\n<li>Bo\u00eete de 100 gants<span style=\"display: inline !important; float: none; background-color: #ffffff; color: #818181; font-family: 'Open Sans',sans-serif; font-size: 16px; font-style: normal; font-variant: normal; font-weight: 400; letter-spacing: normal; line-height: 30px; orphans: 2; text-align: justify; text-decoration: none; text-indent: 0px; text-transform: none; -webkit-text-stroke-width: 0px; white-space: normal; word-spacing: 0px;\">\u00a0<\/span><\/li>\n<li>Couleur :blanc<\/li>\n<\/ul>\n<\/div>\n<\/div>\n<div class=\"page-product-box features-box\">\n<h3 class=\"page-product-heading\"><\/h3>\n<\/div>\n","protected":false},"excerpt":{"rendered":"<ul>\n<li>EN455<\/li>\n<li>L\u00e9gers et ultra-r\u00e9sistants<\/li>\n<li>Ambidextre<\/li>\n<\/ul>\n","protected":false},"featured_media":1897,"comment_status":"open","ping_status":"closed","template":"","meta":[],"product_cat":[202],"product_tag":[],"yoast_head":"<!-- This site is optimized with the Yoast SEO plugin v21.1 - https:\/\/yoast.com\/wordpress\/plugins\/seo\/ -->\n<title>Gants d&#039;examen en latex micro poudr\u00e9s , Bo\u00eete de 100 unit\u00e9s<\/title>\n<meta name=\"description\" content=\"Gants d&#039;examen m\u00e9dicaux en latex micro poudr\u00e9s \u00e0 usage unique pour une haute pr\u00e9cision des gestes de soins\" \/>\n<meta name=\"robots\" content=\"index, follow, max-snippet:-1, max-image-preview:large, max-video-preview:-1\" \/>\n<link rel=\"canonical\" href=\"https:\/\/www.clean-protec.eu\/index.php\/produit\/gants-latex-non-poudres-tecnolatex-100-unites\/\" \/>\n<meta property=\"og:locale\" content=\"fr_FR\" \/>\n<meta property=\"og:type\" content=\"article\" \/>\n<meta property=\"og:title\" content=\"Gants d&#039;examen en latex micro poudr\u00e9s , Bo\u00eete de 100 unit\u00e9s\" \/>\n<meta property=\"og:description\" content=\"Gants d&#039;examen m\u00e9dicaux en latex micro poudr\u00e9s \u00e0 usage unique pour une haute pr\u00e9cision des gestes de soins\" \/>\n<meta property=\"og:url\" content=\"https:\/\/www.clean-protec.eu\/index.php\/produit\/gants-latex-non-poudres-tecnolatex-100-unites\/\" \/>\n<meta property=\"og:site_name\" content=\"CLEAN PROTEC\" \/>\n<meta property=\"article:publisher\" content=\"https:\/\/www.facebook.com\/114202367035261\/posts\/128364112285753\/?d=n&amp;amp%3bamp%3bamp%3bamp%3bamp%3bamp%3bamp%3bamp%3bamp%3bamp%3bsubstory_index=2\" \/>\n<meta property=\"article:modified_time\" content=\"2020-12-13T19:25:04+00:00\" \/>\n<meta property=\"og:image\" content=\"https:\/\/www.clean-protec.eu\/wp-content\/uploads\/2020\/07\/715347A4-FFD6-4DDC-9090-8B84104A2C01.jpeg\" \/>\n\t<meta property=\"og:image:width\" content=\"400\" \/>\n\t<meta property=\"og:image:height\" content=\"400\" \/>\n\t<meta property=\"og:image:type\" content=\"image\/jpeg\" \/>\n<meta name=\"twitter:card\" content=\"summary_large_image\" \/>\n<script type=\"application\/ld+json\" class=\"yoast-schema-graph\">{\"@context\":\"https:\/\/schema.org\",\"@graph\":[{\"@type\":\"WebPage\",\"@id\":\"https:\/\/www.clean-protec.eu\/index.php\/produit\/gants-latex-non-poudres-tecnolatex-100-unites\/\",\"url\":\"https:\/\/www.clean-protec.eu\/index.php\/produit\/gants-latex-non-poudres-tecnolatex-100-unites\/\",\"name\":\"Gants d'examen en latex micro poudr\u00e9s , Bo\u00eete de 100 unit\u00e9s\",\"isPartOf\":{\"@id\":\"https:\/\/www.clean-protec.eu\/#website\"},\"datePublished\":\"2020-07-02T22:27:43+00:00\",\"dateModified\":\"2020-12-13T19:25:04+00:00\",\"description\":\"Gants d'examen m\u00e9dicaux en latex micro poudr\u00e9s \u00e0 usage unique pour une haute pr\u00e9cision des gestes de soins\",\"breadcrumb\":{\"@id\":\"https:\/\/www.clean-protec.eu\/index.php\/produit\/gants-latex-non-poudres-tecnolatex-100-unites\/#breadcrumb\"},\"inLanguage\":\"fr-FR\",\"potentialAction\":[{\"@type\":\"ReadAction\",\"target\":[\"https:\/\/www.clean-protec.eu\/index.php\/produit\/gants-latex-non-poudres-tecnolatex-100-unites\/\"]}]},{\"@type\":\"BreadcrumbList\",\"@id\":\"https:\/\/www.clean-protec.eu\/index.php\/produit\/gants-latex-non-poudres-tecnolatex-100-unites\/#breadcrumb\",\"itemListElement\":[{\"@type\":\"ListItem\",\"position\":1,\"name\":\"Accueil\",\"item\":\"https:\/\/www.clean-protec.eu\/\"},{\"@type\":\"ListItem\",\"position\":2,\"name\":\"Boutique Medical\",\"item\":\"https:\/\/www.clean-protec.eu\/index.php\/shop-2\/\"},{\"@type\":\"ListItem\",\"position\":3,\"name\":\"Gants d&rsquo;examen en latex micro poudr\u00e9s , Bo\u00eete de 100 unit\u00e9s\"}]},{\"@type\":\"WebSite\",\"@id\":\"https:\/\/www.clean-protec.eu\/#website\",\"url\":\"https:\/\/www.clean-protec.eu\/\",\"name\":\"Clean Protec\",\"description\":\"CLEAN PROTEC est sp\u00e9cialis\u00e9 dans la vente d&#039;\u00e9quipements de protections individuelles et de m\u00e9dicaux en France\",\"publisher\":{\"@id\":\"https:\/\/www.clean-protec.eu\/#organization\"},\"potentialAction\":[{\"@type\":\"SearchAction\",\"target\":{\"@type\":\"EntryPoint\",\"urlTemplate\":\"https:\/\/www.clean-protec.eu\/?s={search_term_string}\"},\"query-input\":\"required name=search_term_string\"}],\"inLanguage\":\"fr-FR\"},{\"@type\":\"Organization\",\"@id\":\"https:\/\/www.clean-protec.eu\/#organization\",\"name\":\"Clean Protec\",\"url\":\"https:\/\/www.clean-protec.eu\/\",\"logo\":{\"@type\":\"ImageObject\",\"inLanguage\":\"fr-FR\",\"@id\":\"https:\/\/www.clean-protec.eu\/#\/schema\/logo\/image\/\",\"url\":\"https:\/\/www.clean-protec.eu\/wp-content\/uploads\/2020\/05\/logo_clean_protec1.png\",\"contentUrl\":\"https:\/\/www.clean-protec.eu\/wp-content\/uploads\/2020\/05\/logo_clean_protec1.png\",\"width\":354,\"height\":275,\"caption\":\"Clean Protec\"},\"image\":{\"@id\":\"https:\/\/www.clean-protec.eu\/#\/schema\/logo\/image\/\"},\"sameAs\":[\"https:\/\/www.facebook.com\/114202367035261\/posts\/128364112285753\/?d=n&amp;amp;amp;amp;amp;amp;amp;amp;amp;amp;substory_index=2\"]}]}<\/script>\n<!-- \/ Yoast SEO plugin. -->","yoast_head_json":{"title":"Gants d'examen en latex micro poudr\u00e9s , Bo\u00eete de 100 unit\u00e9s","description":"Gants d'examen m\u00e9dicaux en latex micro poudr\u00e9s \u00e0 usage unique pour une haute pr\u00e9cision des gestes de soins","robots":{"index":"index","follow":"follow","max-snippet":"max-snippet:-1","max-image-preview":"max-image-preview:large","max-video-preview":"max-video-preview:-1"},"canonical":"https:\/\/www.clean-protec.eu\/index.php\/produit\/gants-latex-non-poudres-tecnolatex-100-unites\/","og_locale":"fr_FR","og_type":"article","og_title":"Gants d'examen en latex micro poudr\u00e9s , Bo\u00eete de 100 unit\u00e9s","og_description":"Gants d'examen m\u00e9dicaux en latex micro poudr\u00e9s \u00e0 usage unique pour une haute pr\u00e9cision des gestes de soins","og_url":"https:\/\/www.clean-protec.eu\/index.php\/produit\/gants-latex-non-poudres-tecnolatex-100-unites\/","og_site_name":"CLEAN PROTEC","article_publisher":"https:\/\/www.facebook.com\/114202367035261\/posts\/128364112285753\/?d=n&amp%3bamp%3bamp%3bamp%3bamp%3bamp%3bamp%3bamp%3bamp%3bamp%3bsubstory_index=2","article_modified_time":"2020-12-13T19:25:04+00:00","og_image":[{"width":400,"height":400,"url":"https:\/\/www.clean-protec.eu\/wp-content\/uploads\/2020\/07\/715347A4-FFD6-4DDC-9090-8B84104A2C01.jpeg","type":"image\/jpeg"}],"twitter_card":"summary_large_image","schema":{"@context":"https:\/\/schema.org","@graph":[{"@type":"WebPage","@id":"https:\/\/www.clean-protec.eu\/index.php\/produit\/gants-latex-non-poudres-tecnolatex-100-unites\/","url":"https:\/\/www.clean-protec.eu\/index.php\/produit\/gants-latex-non-poudres-tecnolatex-100-unites\/","name":"Gants d'examen en latex micro poudr\u00e9s , Bo\u00eete de 100 unit\u00e9s","isPartOf":{"@id":"https:\/\/www.clean-protec.eu\/#website"},"datePublished":"2020-07-02T22:27:43+00:00","dateModified":"2020-12-13T19:25:04+00:00","description":"Gants d'examen m\u00e9dicaux en latex micro poudr\u00e9s \u00e0 usage unique pour une haute pr\u00e9cision des gestes de soins","breadcrumb":{"@id":"https:\/\/www.clean-protec.eu\/index.php\/produit\/gants-latex-non-poudres-tecnolatex-100-unites\/#breadcrumb"},"inLanguage":"fr-FR","potentialAction":[{"@type":"ReadAction","target":["https:\/\/www.clean-protec.eu\/index.php\/produit\/gants-latex-non-poudres-tecnolatex-100-unites\/"]}]},{"@type":"BreadcrumbList","@id":"https:\/\/www.clean-protec.eu\/index.php\/produit\/gants-latex-non-poudres-tecnolatex-100-unites\/#breadcrumb","itemListElement":[{"@type":"ListItem","position":1,"name":"Accueil","item":"https:\/\/www.clean-protec.eu\/"},{"@type":"ListItem","position":2,"name":"Boutique Medical","item":"https:\/\/www.clean-protec.eu\/index.php\/shop-2\/"},{"@type":"ListItem","position":3,"name":"Gants d&rsquo;examen en latex micro poudr\u00e9s , Bo\u00eete de 100 unit\u00e9s"}]},{"@type":"WebSite","@id":"https:\/\/www.clean-protec.eu\/#website","url":"https:\/\/www.clean-protec.eu\/","name":"Clean Protec","description":"CLEAN PROTEC est sp\u00e9cialis\u00e9 dans la vente d&#039;\u00e9quipements de protections individuelles et de m\u00e9dicaux en France","publisher":{"@id":"https:\/\/www.clean-protec.eu\/#organization"},"potentialAction":[{"@type":"SearchAction","target":{"@type":"EntryPoint","urlTemplate":"https:\/\/www.clean-protec.eu\/?s={search_term_string}"},"query-input":"required name=search_term_string"}],"inLanguage":"fr-FR"},{"@type":"Organization","@id":"https:\/\/www.clean-protec.eu\/#organization","name":"Clean Protec","url":"https:\/\/www.clean-protec.eu\/","logo":{"@type":"ImageObject","inLanguage":"fr-FR","@id":"https:\/\/www.clean-protec.eu\/#\/schema\/logo\/image\/","url":"https:\/\/www.clean-protec.eu\/wp-content\/uploads\/2020\/05\/logo_clean_protec1.png","contentUrl":"https:\/\/www.clean-protec.eu\/wp-content\/uploads\/2020\/05\/logo_clean_protec1.png","width":354,"height":275,"caption":"Clean Protec"},"image":{"@id":"https:\/\/www.clean-protec.eu\/#\/schema\/logo\/image\/"},"sameAs":["https:\/\/www.facebook.com\/114202367035261\/posts\/128364112285753\/?d=n&amp;amp;amp;amp;amp;amp;amp;amp;amp;amp;substory_index=2"]}]}},"_links":{"self":[{"href":"https:\/\/www.clean-protec.eu\/index.php\/wp-json\/wp\/v2\/product\/1896"}],"collection":[{"href":"https:\/\/www.clean-protec.eu\/index.php\/wp-json\/wp\/v2\/product"}],"about":[{"href":"https:\/\/www.clean-protec.eu\/index.php\/wp-json\/wp\/v2\/types\/product"}],"replies":[{"embeddable":true,"href":"https:\/\/www.clean-protec.eu\/index.php\/wp-json\/wp\/v2\/comments?post=1896"}],"wp:featuredmedia":[{"embeddable":true,"href":"https:\/\/www.clean-protec.eu\/index.php\/wp-json\/wp\/v2\/media\/1897"}],"wp:attachment":[{"href":"https:\/\/www.clean-protec.eu\/index.php\/wp-json\/wp\/v2\/media?parent=1896"}],"wp:term":[{"taxonomy":"product_cat","embeddable":true,"href":"https:\/\/www.clean-protec.eu\/index.php\/wp-json\/wp\/v2\/product_cat?post=1896"},{"taxonomy":"product_tag","embeddable":true,"href":"https:\/\/www.clean-protec.eu\/index.php\/wp-json\/wp\/v2\/product_tag?post=1896"}],"curies":[{"name":"wp","href":"https:\/\/api.w.org\/{rel}","templated":true}]}}