{"id":1954,"date":"2020-07-22T11:44:26","date_gmt":"2020-07-22T09:44:26","guid":{"rendered":"https:\/\/clean-protec.eu\/?post_type=product&#038;p=1954"},"modified":"2020-12-09T00:41:56","modified_gmt":"2020-12-08T23:41:56","slug":"masque-respiratoire-civile-3-plis-a-elastique-boite-de-50-unites","status":"publish","type":"product","link":"https:\/\/www.clean-protec.eu\/index.php\/produit\/masque-respiratoire-civile-3-plis-a-elastique-boite-de-50-unites\/","title":{"rendered":"Masque respiratoire civile 3 plis \u00e0 \u00e9lastique &#8211; Bo\u00eete de 50 unit\u00e9s"},"content":{"rendered":"<ul>\n<li>Conformes \u00e0 la norme europ\u00e9enne EN 149:2001<\/li>\n<li class=\"couleur_bleu\">Ajustable \u00e0 la forme du visage par barrette m\u00e9tallique<\/li>\n<li class=\"couleur_bleu\">Hypoallerg\u00e9nique, sans latex<\/li>\n<li>Bo\u00eetes de 50 masques. CE.<\/li>\n<\/ul>\n","protected":false},"excerpt":{"rendered":"<ul>\n<li>Usage non m\u00e9dical<\/li>\n<li>Non st\u00e9rile, \u00e0 usage unique<\/li>\n<li>Couleur : bleu<\/li>\n<\/ul>\n","protected":false},"featured_media":1923,"comment_status":"open","ping_status":"closed","template":"","meta":[],"product_cat":[198],"product_tag":[],"yoast_head":"<!-- This site is optimized with the Yoast SEO plugin v21.1 - https:\/\/yoast.com\/wordpress\/plugins\/seo\/ -->\n<title>Masque respiratoire civile 3 plis \u00e0 \u00e9lastique - Bo\u00eete de 50 unit\u00e9s &ndash; CLEAN PROTEC<\/title>\n<meta name=\"description\" content=\"Les masques m\u00e9dicaux sont d\u00e9velopp\u00e9s selon des crit\u00e8res ergonomiques et offrent la bonne solution pour chaque type de visage et pour chaque application.\" \/>\n<meta name=\"robots\" content=\"index, follow, max-snippet:-1, max-image-preview:large, max-video-preview:-1\" \/>\n<link rel=\"canonical\" href=\"https:\/\/www.clean-protec.eu\/index.php\/produit\/masque-respiratoire-civile-3-plis-a-elastique-boite-de-50-unites\/\" \/>\n<meta property=\"og:locale\" content=\"fr_FR\" \/>\n<meta property=\"og:type\" content=\"article\" \/>\n<meta property=\"og:title\" content=\"Masque respiratoire civile 3 plis \u00e0 \u00e9lastique - Bo\u00eete de 50 unit\u00e9s &ndash; CLEAN PROTEC\" \/>\n<meta property=\"og:description\" content=\"Les masques m\u00e9dicaux sont d\u00e9velopp\u00e9s selon des crit\u00e8res ergonomiques et offrent la bonne solution pour chaque type de visage et pour chaque application.\" \/>\n<meta property=\"og:url\" content=\"https:\/\/www.clean-protec.eu\/index.php\/produit\/masque-respiratoire-civile-3-plis-a-elastique-boite-de-50-unites\/\" \/>\n<meta property=\"og:site_name\" content=\"CLEAN PROTEC\" \/>\n<meta property=\"article:publisher\" content=\"https:\/\/www.facebook.com\/114202367035261\/posts\/128364112285753\/?d=n&amp;amp%3bamp%3bamp%3bamp%3bamp%3bamp%3bamp%3bamp%3bamp%3bamp%3bsubstory_index=2\" \/>\n<meta property=\"article:modified_time\" content=\"2020-12-08T23:41:56+00:00\" \/>\n<meta property=\"og:image\" content=\"https:\/\/www.clean-protec.eu\/wp-content\/uploads\/2020\/06\/masque901661.jpg\" \/>\n\t<meta property=\"og:image:width\" content=\"375\" \/>\n\t<meta property=\"og:image:height\" content=\"375\" \/>\n\t<meta property=\"og:image:type\" content=\"image\/jpeg\" \/>\n<meta name=\"twitter:card\" content=\"summary_large_image\" \/>\n<script type=\"application\/ld+json\" class=\"yoast-schema-graph\">{\"@context\":\"https:\/\/schema.org\",\"@graph\":[{\"@type\":\"WebPage\",\"@id\":\"https:\/\/www.clean-protec.eu\/index.php\/produit\/masque-respiratoire-civile-3-plis-a-elastique-boite-de-50-unites\/\",\"url\":\"https:\/\/www.clean-protec.eu\/index.php\/produit\/masque-respiratoire-civile-3-plis-a-elastique-boite-de-50-unites\/\",\"name\":\"Masque respiratoire civile 3 plis \u00e0 \u00e9lastique - Bo\u00eete de 50 unit\u00e9s &ndash; CLEAN PROTEC\",\"isPartOf\":{\"@id\":\"https:\/\/www.clean-protec.eu\/#website\"},\"datePublished\":\"2020-07-22T09:44:26+00:00\",\"dateModified\":\"2020-12-08T23:41:56+00:00\",\"description\":\"Les masques m\u00e9dicaux sont d\u00e9velopp\u00e9s selon des crit\u00e8res ergonomiques et offrent la bonne solution pour chaque type de visage et pour chaque application.\",\"breadcrumb\":{\"@id\":\"https:\/\/www.clean-protec.eu\/index.php\/produit\/masque-respiratoire-civile-3-plis-a-elastique-boite-de-50-unites\/#breadcrumb\"},\"inLanguage\":\"fr-FR\",\"potentialAction\":[{\"@type\":\"ReadAction\",\"target\":[\"https:\/\/www.clean-protec.eu\/index.php\/produit\/masque-respiratoire-civile-3-plis-a-elastique-boite-de-50-unites\/\"]}]},{\"@type\":\"BreadcrumbList\",\"@id\":\"https:\/\/www.clean-protec.eu\/index.php\/produit\/masque-respiratoire-civile-3-plis-a-elastique-boite-de-50-unites\/#breadcrumb\",\"itemListElement\":[{\"@type\":\"ListItem\",\"position\":1,\"name\":\"Accueil\",\"item\":\"https:\/\/www.clean-protec.eu\/\"},{\"@type\":\"ListItem\",\"position\":2,\"name\":\"Boutique Medical\",\"item\":\"https:\/\/www.clean-protec.eu\/index.php\/shop-2\/\"},{\"@type\":\"ListItem\",\"position\":3,\"name\":\"Masque respiratoire civile 3 plis \u00e0 \u00e9lastique &#8211; Bo\u00eete de 50 unit\u00e9s\"}]},{\"@type\":\"WebSite\",\"@id\":\"https:\/\/www.clean-protec.eu\/#website\",\"url\":\"https:\/\/www.clean-protec.eu\/\",\"name\":\"Clean Protec\",\"description\":\"CLEAN PROTEC est sp\u00e9cialis\u00e9 dans la vente d&#039;\u00e9quipements de protections individuelles et de m\u00e9dicaux en France\",\"publisher\":{\"@id\":\"https:\/\/www.clean-protec.eu\/#organization\"},\"potentialAction\":[{\"@type\":\"SearchAction\",\"target\":{\"@type\":\"EntryPoint\",\"urlTemplate\":\"https:\/\/www.clean-protec.eu\/?s={search_term_string}\"},\"query-input\":\"required name=search_term_string\"}],\"inLanguage\":\"fr-FR\"},{\"@type\":\"Organization\",\"@id\":\"https:\/\/www.clean-protec.eu\/#organization\",\"name\":\"Clean Protec\",\"url\":\"https:\/\/www.clean-protec.eu\/\",\"logo\":{\"@type\":\"ImageObject\",\"inLanguage\":\"fr-FR\",\"@id\":\"https:\/\/www.clean-protec.eu\/#\/schema\/logo\/image\/\",\"url\":\"https:\/\/www.clean-protec.eu\/wp-content\/uploads\/2020\/05\/logo_clean_protec1.png\",\"contentUrl\":\"https:\/\/www.clean-protec.eu\/wp-content\/uploads\/2020\/05\/logo_clean_protec1.png\",\"width\":354,\"height\":275,\"caption\":\"Clean Protec\"},\"image\":{\"@id\":\"https:\/\/www.clean-protec.eu\/#\/schema\/logo\/image\/\"},\"sameAs\":[\"https:\/\/www.facebook.com\/114202367035261\/posts\/128364112285753\/?d=n&amp;amp;amp;amp;amp;amp;amp;amp;amp;amp;substory_index=2\"]}]}<\/script>\n<!-- \/ Yoast SEO plugin. -->","yoast_head_json":{"title":"Masque respiratoire civile 3 plis \u00e0 \u00e9lastique - Bo\u00eete de 50 unit\u00e9s &ndash; CLEAN PROTEC","description":"Les masques m\u00e9dicaux sont d\u00e9velopp\u00e9s selon des crit\u00e8res ergonomiques et offrent la bonne solution pour chaque type de visage et pour chaque application.","robots":{"index":"index","follow":"follow","max-snippet":"max-snippet:-1","max-image-preview":"max-image-preview:large","max-video-preview":"max-video-preview:-1"},"canonical":"https:\/\/www.clean-protec.eu\/index.php\/produit\/masque-respiratoire-civile-3-plis-a-elastique-boite-de-50-unites\/","og_locale":"fr_FR","og_type":"article","og_title":"Masque respiratoire civile 3 plis \u00e0 \u00e9lastique - Bo\u00eete de 50 unit\u00e9s &ndash; CLEAN PROTEC","og_description":"Les masques m\u00e9dicaux sont d\u00e9velopp\u00e9s selon des crit\u00e8res ergonomiques et offrent la bonne solution pour chaque type de visage et pour chaque application.","og_url":"https:\/\/www.clean-protec.eu\/index.php\/produit\/masque-respiratoire-civile-3-plis-a-elastique-boite-de-50-unites\/","og_site_name":"CLEAN PROTEC","article_publisher":"https:\/\/www.facebook.com\/114202367035261\/posts\/128364112285753\/?d=n&amp%3bamp%3bamp%3bamp%3bamp%3bamp%3bamp%3bamp%3bamp%3bamp%3bsubstory_index=2","article_modified_time":"2020-12-08T23:41:56+00:00","og_image":[{"width":375,"height":375,"url":"https:\/\/www.clean-protec.eu\/wp-content\/uploads\/2020\/06\/masque901661.jpg","type":"image\/jpeg"}],"twitter_card":"summary_large_image","schema":{"@context":"https:\/\/schema.org","@graph":[{"@type":"WebPage","@id":"https:\/\/www.clean-protec.eu\/index.php\/produit\/masque-respiratoire-civile-3-plis-a-elastique-boite-de-50-unites\/","url":"https:\/\/www.clean-protec.eu\/index.php\/produit\/masque-respiratoire-civile-3-plis-a-elastique-boite-de-50-unites\/","name":"Masque respiratoire civile 3 plis \u00e0 \u00e9lastique - Bo\u00eete de 50 unit\u00e9s &ndash; CLEAN PROTEC","isPartOf":{"@id":"https:\/\/www.clean-protec.eu\/#website"},"datePublished":"2020-07-22T09:44:26+00:00","dateModified":"2020-12-08T23:41:56+00:00","description":"Les masques m\u00e9dicaux sont d\u00e9velopp\u00e9s selon des crit\u00e8res ergonomiques et offrent la bonne solution pour chaque type de visage et pour chaque application.","breadcrumb":{"@id":"https:\/\/www.clean-protec.eu\/index.php\/produit\/masque-respiratoire-civile-3-plis-a-elastique-boite-de-50-unites\/#breadcrumb"},"inLanguage":"fr-FR","potentialAction":[{"@type":"ReadAction","target":["https:\/\/www.clean-protec.eu\/index.php\/produit\/masque-respiratoire-civile-3-plis-a-elastique-boite-de-50-unites\/"]}]},{"@type":"BreadcrumbList","@id":"https:\/\/www.clean-protec.eu\/index.php\/produit\/masque-respiratoire-civile-3-plis-a-elastique-boite-de-50-unites\/#breadcrumb","itemListElement":[{"@type":"ListItem","position":1,"name":"Accueil","item":"https:\/\/www.clean-protec.eu\/"},{"@type":"ListItem","position":2,"name":"Boutique Medical","item":"https:\/\/www.clean-protec.eu\/index.php\/shop-2\/"},{"@type":"ListItem","position":3,"name":"Masque respiratoire civile 3 plis \u00e0 \u00e9lastique &#8211; Bo\u00eete de 50 unit\u00e9s"}]},{"@type":"WebSite","@id":"https:\/\/www.clean-protec.eu\/#website","url":"https:\/\/www.clean-protec.eu\/","name":"Clean Protec","description":"CLEAN PROTEC est sp\u00e9cialis\u00e9 dans la vente d&#039;\u00e9quipements de protections individuelles et de m\u00e9dicaux en France","publisher":{"@id":"https:\/\/www.clean-protec.eu\/#organization"},"potentialAction":[{"@type":"SearchAction","target":{"@type":"EntryPoint","urlTemplate":"https:\/\/www.clean-protec.eu\/?s={search_term_string}"},"query-input":"required name=search_term_string"}],"inLanguage":"fr-FR"},{"@type":"Organization","@id":"https:\/\/www.clean-protec.eu\/#organization","name":"Clean Protec","url":"https:\/\/www.clean-protec.eu\/","logo":{"@type":"ImageObject","inLanguage":"fr-FR","@id":"https:\/\/www.clean-protec.eu\/#\/schema\/logo\/image\/","url":"https:\/\/www.clean-protec.eu\/wp-content\/uploads\/2020\/05\/logo_clean_protec1.png","contentUrl":"https:\/\/www.clean-protec.eu\/wp-content\/uploads\/2020\/05\/logo_clean_protec1.png","width":354,"height":275,"caption":"Clean Protec"},"image":{"@id":"https:\/\/www.clean-protec.eu\/#\/schema\/logo\/image\/"},"sameAs":["https:\/\/www.facebook.com\/114202367035261\/posts\/128364112285753\/?d=n&amp;amp;amp;amp;amp;amp;amp;amp;amp;amp;substory_index=2"]}]}},"_links":{"self":[{"href":"https:\/\/www.clean-protec.eu\/index.php\/wp-json\/wp\/v2\/product\/1954"}],"collection":[{"href":"https:\/\/www.clean-protec.eu\/index.php\/wp-json\/wp\/v2\/product"}],"about":[{"href":"https:\/\/www.clean-protec.eu\/index.php\/wp-json\/wp\/v2\/types\/product"}],"replies":[{"embeddable":true,"href":"https:\/\/www.clean-protec.eu\/index.php\/wp-json\/wp\/v2\/comments?post=1954"}],"wp:featuredmedia":[{"embeddable":true,"href":"https:\/\/www.clean-protec.eu\/index.php\/wp-json\/wp\/v2\/media\/1923"}],"wp:attachment":[{"href":"https:\/\/www.clean-protec.eu\/index.php\/wp-json\/wp\/v2\/media?parent=1954"}],"wp:term":[{"taxonomy":"product_cat","embeddable":true,"href":"https:\/\/www.clean-protec.eu\/index.php\/wp-json\/wp\/v2\/product_cat?post=1954"},{"taxonomy":"product_tag","embeddable":true,"href":"https:\/\/www.clean-protec.eu\/index.php\/wp-json\/wp\/v2\/product_tag?post=1954"}],"curies":[{"name":"wp","href":"https:\/\/api.w.org\/{rel}","templated":true}]}}