{"id":1968,"date":"2020-07-22T16:46:13","date_gmt":"2020-07-22T14:46:13","guid":{"rendered":"https:\/\/clean-protec.eu\/?post_type=product&#038;p=1968"},"modified":"2020-12-15T00:28:23","modified_gmt":"2020-12-14T23:28:23","slug":"thermometre-terraillon-thermo-distance","status":"publish","type":"product","link":"https:\/\/www.clean-protec.eu\/index.php\/produit\/thermometre-terraillon-thermo-distance\/","title":{"rendered":"Thermom\u00e8tre Frontal Sans Contact Professionnel"},"content":{"rendered":"<h2>GARDEZ UN OEIL SUR\u00a0LA TEMPERATURE DE VOS PROCHES<\/h2>\n<p>Poss\u00e9der un thermom\u00e8tre sans contact est le meilleure moyen de prendre soin de toute sa famille en cette p\u00e9riode difficile. Avec l&rsquo;hiver qui approche, et les milliers de nouveaux cas qui apparaissent chaque jour, il est important de pouvoir v\u00e9rifier l&rsquo;\u00e9tat de sant\u00e9 de ses proches en toute circonstance.<\/p>\n<p><img decoding=\"async\" src=\"https:\/\/cdn.shopify.com\/s\/files\/1\/0461\/0949\/1356\/files\/GIF.gif?v=1600295830\" alt=\"\" \/><\/p>\n<h2>UNE PRISE DE TEMP\u00c9RATURE RAPIDE ET SANS CONTACT<\/h2>\n<p>L&rsquo;int\u00e9r\u00eat de notre thermom\u00e8tre pistolet et de pouvoir v\u00e9rifier la temp\u00e9rature de plusieurs personne en peu de temps sans avoir \u00e0 rentrer en contact avec ces derni\u00e8res, de sorte \u00e0 limiter les risques.<\/p>\n<p>Utilisez simplement le thermom\u00e8tre infrarouge \u00e0 quelques centim\u00e8tres du front de la personne en appuyant une fois sur le bouton.<\/p>\n<p>La marge d&rsquo;erreur est de moins de 0,2\u00b0C\u00a0et les r\u00e9sultats s&rsquo;affichent en moins d&rsquo;une seconde. Plus d&rsquo;une trentaine de r\u00e9sultats peuvent \u00eatre sauvegard\u00e9s pour pouvoir suivre l&rsquo;\u00e9volution de l&rsquo;\u00e9tat d&rsquo;une personne au cours du temps.<\/p>\n<p><img decoding=\"async\" src=\"https:\/\/cdn.shopify.com\/s\/files\/1\/0461\/0949\/1356\/files\/Untitled_480x480_336247a8-c60c-47f0-8b4d-7cc19a17b452.jpg?v=1600295852\" alt=\"\" \/><\/p>\n<h2>APPAREIL PROFESSIONNEL<\/h2>\n<p>Conforme au normes EU, notre thermom\u00e8tre infrarouge est recommand\u00e9 par les m\u00e9decins afin de prendre la temp\u00e9rature de quelqu&rsquo;un de mani\u00e8re fiable et sans contact,\u00a0pour ne propager aucune maladie.<\/p>\n<p>Gr\u00e2ce \u00e0 sa prise de temp\u00e9rature rapide et sans bruit, vous pourrez v\u00e9rifier la fi\u00e8vre de vos proches m\u00eame en pleine nuit, sans risquer de les r\u00e9veiller.<\/p>\n<p><strong>AVANTAGES<\/strong>:<\/p>\n<ul>\n<li>Mesure pr\u00e9cise et rapide<\/li>\n<li>Mode silencieux pour utiliser sans r\u00e9veiller personne<\/li>\n<li>Sans contact, hygi\u00e9nique et professionnel<\/li>\n<li>Tr\u00e8s simple \u00e0 utiliser<\/li>\n<\/ul>\n<p><img decoding=\"async\" src=\"https:\/\/cdn.shopify.com\/s\/files\/1\/0461\/0949\/1356\/files\/6.png?v=1600296103\" alt=\"\" \/><\/p>\n<h2>PLUSIEURS MODES DISPONIBLES<\/h2>\n<p>En appuyant sur \u00ab\u00a0SET\u00a0\u00bb vous pourrez choisir l&rsquo;option \u00ab\u00a0BODY\u00a0\u00bb ou l&rsquo;option \u00ab\u00a0SURFACE\u00a0\u00bb.<\/p>\n<p>En effet, notre thermom\u00e8tre sert \u00e0 prendre la temp\u00e9rature de personnes gr\u00e2ce \u00e0 l&rsquo;option \u00ab\u00a0BODY\u00a0\u00bb, mais l&rsquo;option \u00ab\u00a0SURFACE\u00a0\u00bb peut \u00eatre utilis\u00e9e pour v\u00e9rifier la temp\u00e9rature de plein d&rsquo;autre choses de la vie courante: Eau du bain, biberon, nourriture..<\/p>\n<p>N&rsquo;attendez plus pour prendre soin de vous et de vos proches en tout s\u00e9r\u00e9nit\u00e9!<\/p>\n<p><img decoding=\"async\" src=\"https:\/\/cdn.shopify.com\/s\/files\/1\/0461\/0949\/1356\/files\/GIF_DEUX.gif?v=1600296343\" alt=\"\" \/><\/p>\n<h2>CARACT\u00c9RISTIQUES<\/h2>\n<ul>\n<li>Mat\u00e9riau: ABS<\/li>\n<li>Affichage: Celsius ou Fahrenheit<\/li>\n<li>Alimentation: 2 piles AAA<\/li>\n<li>Mesure de temp\u00e9rature corporelle: 32\u00a0&#8211; 43\u00b0C<\/li>\n<li>Mesure de temp\u00e9rature ambiante: 0 &#8211; 60\u00b0C<\/li>\n<li>Certification: CE<\/li>\n<\/ul>\n","protected":false},"excerpt":{"rendered":"<ul>\n<li>Simple<\/li>\n<li>rapide<\/li>\n<li>efficace<\/li>\n<\/ul>\n","protected":false},"featured_media":0,"comment_status":"open","ping_status":"closed","template":"","meta":[],"product_cat":[200],"product_tag":[],"yoast_head":"<!-- This site is optimized with the Yoast SEO plugin v21.1 - https:\/\/yoast.com\/wordpress\/plugins\/seo\/ -->\n<title>Thermom\u00e8tre Frontal Sans Contact Professionnel &ndash; CLEAN PROTEC<\/title>\n<meta name=\"description\" content=\"nous proposons un thermom\u00e8tre infrarouge sans contact tr\u00e8s hygi\u00e9nique car il \u00e9vite tout contact physique et toute propagation de microbes.\" \/>\n<meta name=\"robots\" content=\"index, follow, max-snippet:-1, max-image-preview:large, max-video-preview:-1\" \/>\n<link rel=\"canonical\" href=\"https:\/\/www.clean-protec.eu\/index.php\/produit\/thermometre-terraillon-thermo-distance\/\" \/>\n<meta property=\"og:locale\" content=\"fr_FR\" \/>\n<meta property=\"og:type\" content=\"article\" \/>\n<meta property=\"og:title\" content=\"Thermom\u00e8tre Frontal Sans Contact Professionnel &ndash; CLEAN PROTEC\" \/>\n<meta property=\"og:description\" content=\"nous proposons un thermom\u00e8tre infrarouge sans contact tr\u00e8s hygi\u00e9nique car il \u00e9vite tout contact physique et toute propagation de microbes.\" \/>\n<meta property=\"og:url\" content=\"https:\/\/www.clean-protec.eu\/index.php\/produit\/thermometre-terraillon-thermo-distance\/\" \/>\n<meta property=\"og:site_name\" content=\"CLEAN PROTEC\" \/>\n<meta property=\"article:publisher\" content=\"https:\/\/www.facebook.com\/114202367035261\/posts\/128364112285753\/?d=n&amp;amp%3bamp%3bamp%3bamp%3bamp%3bamp%3bamp%3bamp%3bamp%3bamp%3bsubstory_index=2\" \/>\n<meta property=\"article:modified_time\" content=\"2020-12-14T23:28:23+00:00\" \/>\n<meta property=\"og:image\" content=\"https:\/\/cdn.shopify.com\/s\/files\/1\/0461\/0949\/1356\/files\/GIF.gif?v=1600295830\" \/>\n<meta name=\"twitter:card\" content=\"summary_large_image\" \/>\n<meta name=\"twitter:label1\" content=\"Dur\u00e9e de lecture estim\u00e9e\" \/>\n\t<meta name=\"twitter:data1\" content=\"2 minutes\" \/>\n<script type=\"application\/ld+json\" class=\"yoast-schema-graph\">{\"@context\":\"https:\/\/schema.org\",\"@graph\":[{\"@type\":\"WebPage\",\"@id\":\"https:\/\/www.clean-protec.eu\/index.php\/produit\/thermometre-terraillon-thermo-distance\/\",\"url\":\"https:\/\/www.clean-protec.eu\/index.php\/produit\/thermometre-terraillon-thermo-distance\/\",\"name\":\"Thermom\u00e8tre Frontal Sans Contact Professionnel &ndash; CLEAN PROTEC\",\"isPartOf\":{\"@id\":\"https:\/\/www.clean-protec.eu\/#website\"},\"datePublished\":\"2020-07-22T14:46:13+00:00\",\"dateModified\":\"2020-12-14T23:28:23+00:00\",\"description\":\"nous proposons un thermom\u00e8tre infrarouge sans contact tr\u00e8s hygi\u00e9nique car il \u00e9vite tout contact physique et toute propagation de microbes.\",\"breadcrumb\":{\"@id\":\"https:\/\/www.clean-protec.eu\/index.php\/produit\/thermometre-terraillon-thermo-distance\/#breadcrumb\"},\"inLanguage\":\"fr-FR\",\"potentialAction\":[{\"@type\":\"ReadAction\",\"target\":[\"https:\/\/www.clean-protec.eu\/index.php\/produit\/thermometre-terraillon-thermo-distance\/\"]}]},{\"@type\":\"BreadcrumbList\",\"@id\":\"https:\/\/www.clean-protec.eu\/index.php\/produit\/thermometre-terraillon-thermo-distance\/#breadcrumb\",\"itemListElement\":[{\"@type\":\"ListItem\",\"position\":1,\"name\":\"Accueil\",\"item\":\"https:\/\/www.clean-protec.eu\/\"},{\"@type\":\"ListItem\",\"position\":2,\"name\":\"Boutique Medical\",\"item\":\"https:\/\/www.clean-protec.eu\/index.php\/shop-2\/\"},{\"@type\":\"ListItem\",\"position\":3,\"name\":\"Thermom\u00e8tre Frontal Sans Contact Professionnel\"}]},{\"@type\":\"WebSite\",\"@id\":\"https:\/\/www.clean-protec.eu\/#website\",\"url\":\"https:\/\/www.clean-protec.eu\/\",\"name\":\"Clean Protec\",\"description\":\"CLEAN PROTEC est sp\u00e9cialis\u00e9 dans la vente d&#039;\u00e9quipements de protections individuelles et de m\u00e9dicaux en France\",\"publisher\":{\"@id\":\"https:\/\/www.clean-protec.eu\/#organization\"},\"potentialAction\":[{\"@type\":\"SearchAction\",\"target\":{\"@type\":\"EntryPoint\",\"urlTemplate\":\"https:\/\/www.clean-protec.eu\/?s={search_term_string}\"},\"query-input\":\"required name=search_term_string\"}],\"inLanguage\":\"fr-FR\"},{\"@type\":\"Organization\",\"@id\":\"https:\/\/www.clean-protec.eu\/#organization\",\"name\":\"Clean Protec\",\"url\":\"https:\/\/www.clean-protec.eu\/\",\"logo\":{\"@type\":\"ImageObject\",\"inLanguage\":\"fr-FR\",\"@id\":\"https:\/\/www.clean-protec.eu\/#\/schema\/logo\/image\/\",\"url\":\"https:\/\/www.clean-protec.eu\/wp-content\/uploads\/2020\/05\/logo_clean_protec1.png\",\"contentUrl\":\"https:\/\/www.clean-protec.eu\/wp-content\/uploads\/2020\/05\/logo_clean_protec1.png\",\"width\":354,\"height\":275,\"caption\":\"Clean Protec\"},\"image\":{\"@id\":\"https:\/\/www.clean-protec.eu\/#\/schema\/logo\/image\/\"},\"sameAs\":[\"https:\/\/www.facebook.com\/114202367035261\/posts\/128364112285753\/?d=n&amp;amp;amp;amp;amp;amp;amp;amp;amp;amp;substory_index=2\"]}]}<\/script>\n<!-- \/ Yoast SEO plugin. -->","yoast_head_json":{"title":"Thermom\u00e8tre Frontal Sans Contact Professionnel &ndash; CLEAN PROTEC","description":"nous proposons un thermom\u00e8tre infrarouge sans contact tr\u00e8s hygi\u00e9nique car il \u00e9vite tout contact physique et toute propagation de microbes.","robots":{"index":"index","follow":"follow","max-snippet":"max-snippet:-1","max-image-preview":"max-image-preview:large","max-video-preview":"max-video-preview:-1"},"canonical":"https:\/\/www.clean-protec.eu\/index.php\/produit\/thermometre-terraillon-thermo-distance\/","og_locale":"fr_FR","og_type":"article","og_title":"Thermom\u00e8tre Frontal Sans Contact Professionnel &ndash; CLEAN PROTEC","og_description":"nous proposons un thermom\u00e8tre infrarouge sans contact tr\u00e8s hygi\u00e9nique car il \u00e9vite tout contact physique et toute propagation de microbes.","og_url":"https:\/\/www.clean-protec.eu\/index.php\/produit\/thermometre-terraillon-thermo-distance\/","og_site_name":"CLEAN PROTEC","article_publisher":"https:\/\/www.facebook.com\/114202367035261\/posts\/128364112285753\/?d=n&amp%3bamp%3bamp%3bamp%3bamp%3bamp%3bamp%3bamp%3bamp%3bamp%3bsubstory_index=2","article_modified_time":"2020-12-14T23:28:23+00:00","og_image":[{"url":"https:\/\/cdn.shopify.com\/s\/files\/1\/0461\/0949\/1356\/files\/GIF.gif?v=1600295830"}],"twitter_card":"summary_large_image","twitter_misc":{"Dur\u00e9e de lecture estim\u00e9e":"2 minutes"},"schema":{"@context":"https:\/\/schema.org","@graph":[{"@type":"WebPage","@id":"https:\/\/www.clean-protec.eu\/index.php\/produit\/thermometre-terraillon-thermo-distance\/","url":"https:\/\/www.clean-protec.eu\/index.php\/produit\/thermometre-terraillon-thermo-distance\/","name":"Thermom\u00e8tre Frontal Sans Contact Professionnel &ndash; CLEAN PROTEC","isPartOf":{"@id":"https:\/\/www.clean-protec.eu\/#website"},"datePublished":"2020-07-22T14:46:13+00:00","dateModified":"2020-12-14T23:28:23+00:00","description":"nous proposons un thermom\u00e8tre infrarouge sans contact tr\u00e8s hygi\u00e9nique car il \u00e9vite tout contact physique et toute propagation de microbes.","breadcrumb":{"@id":"https:\/\/www.clean-protec.eu\/index.php\/produit\/thermometre-terraillon-thermo-distance\/#breadcrumb"},"inLanguage":"fr-FR","potentialAction":[{"@type":"ReadAction","target":["https:\/\/www.clean-protec.eu\/index.php\/produit\/thermometre-terraillon-thermo-distance\/"]}]},{"@type":"BreadcrumbList","@id":"https:\/\/www.clean-protec.eu\/index.php\/produit\/thermometre-terraillon-thermo-distance\/#breadcrumb","itemListElement":[{"@type":"ListItem","position":1,"name":"Accueil","item":"https:\/\/www.clean-protec.eu\/"},{"@type":"ListItem","position":2,"name":"Boutique Medical","item":"https:\/\/www.clean-protec.eu\/index.php\/shop-2\/"},{"@type":"ListItem","position":3,"name":"Thermom\u00e8tre Frontal Sans Contact Professionnel"}]},{"@type":"WebSite","@id":"https:\/\/www.clean-protec.eu\/#website","url":"https:\/\/www.clean-protec.eu\/","name":"Clean Protec","description":"CLEAN PROTEC est sp\u00e9cialis\u00e9 dans la vente d&#039;\u00e9quipements de protections individuelles et de m\u00e9dicaux en France","publisher":{"@id":"https:\/\/www.clean-protec.eu\/#organization"},"potentialAction":[{"@type":"SearchAction","target":{"@type":"EntryPoint","urlTemplate":"https:\/\/www.clean-protec.eu\/?s={search_term_string}"},"query-input":"required name=search_term_string"}],"inLanguage":"fr-FR"},{"@type":"Organization","@id":"https:\/\/www.clean-protec.eu\/#organization","name":"Clean Protec","url":"https:\/\/www.clean-protec.eu\/","logo":{"@type":"ImageObject","inLanguage":"fr-FR","@id":"https:\/\/www.clean-protec.eu\/#\/schema\/logo\/image\/","url":"https:\/\/www.clean-protec.eu\/wp-content\/uploads\/2020\/05\/logo_clean_protec1.png","contentUrl":"https:\/\/www.clean-protec.eu\/wp-content\/uploads\/2020\/05\/logo_clean_protec1.png","width":354,"height":275,"caption":"Clean Protec"},"image":{"@id":"https:\/\/www.clean-protec.eu\/#\/schema\/logo\/image\/"},"sameAs":["https:\/\/www.facebook.com\/114202367035261\/posts\/128364112285753\/?d=n&amp;amp;amp;amp;amp;amp;amp;amp;amp;amp;substory_index=2"]}]}},"_links":{"self":[{"href":"https:\/\/www.clean-protec.eu\/index.php\/wp-json\/wp\/v2\/product\/1968"}],"collection":[{"href":"https:\/\/www.clean-protec.eu\/index.php\/wp-json\/wp\/v2\/product"}],"about":[{"href":"https:\/\/www.clean-protec.eu\/index.php\/wp-json\/wp\/v2\/types\/product"}],"replies":[{"embeddable":true,"href":"https:\/\/www.clean-protec.eu\/index.php\/wp-json\/wp\/v2\/comments?post=1968"}],"wp:attachment":[{"href":"https:\/\/www.clean-protec.eu\/index.php\/wp-json\/wp\/v2\/media?parent=1968"}],"wp:term":[{"taxonomy":"product_cat","embeddable":true,"href":"https:\/\/www.clean-protec.eu\/index.php\/wp-json\/wp\/v2\/product_cat?post=1968"},{"taxonomy":"product_tag","embeddable":true,"href":"https:\/\/www.clean-protec.eu\/index.php\/wp-json\/wp\/v2\/product_tag?post=1968"}],"curies":[{"name":"wp","href":"https:\/\/api.w.org\/{rel}","templated":true}]}}