{"id":2023,"date":"2020-07-23T13:44:54","date_gmt":"2020-07-23T11:44:54","guid":{"rendered":"https:\/\/clean-protec.eu\/?post_type=product&#038;p=2023"},"modified":"2020-12-08T23:40:50","modified_gmt":"2020-12-08T22:40:50","slug":"blouse-jetable-polyproylene-avec-fermeture-pressions","status":"publish","type":"product","link":"https:\/\/www.clean-protec.eu\/index.php\/produit\/blouse-jetable-polyproylene-avec-fermeture-pressions\/","title":{"rendered":"Blouses jetables polypropyl\u00e8ne, manches longue fermeture par pressions"},"content":{"rendered":"<ul>\n<li>100% Polypropyl\u00e8ne non tiss\u00e9 40g\/m\u00b2<\/li>\n<li>Fermeture par boutons-pression et poche<\/li>\n<li>Couleur: blanc<\/li>\n<li class=\"productPageContentBlock-ProductDescText\">Manchettes \u00e9lastiqu\u00e9es<\/li>\n<li>Emballage individuel<\/li>\n<li>Col chemise<\/li>\n<\/ul>\n","protected":false},"excerpt":{"rendered":"<ul>\n<li>\u00c9lastiques poignets<\/li>\n<li>Col chemise<\/li>\n<li>Usage unique<\/li>\n<\/ul>\n","protected":false},"featured_media":2025,"comment_status":"open","ping_status":"closed","template":"","meta":[],"product_cat":[201],"product_tag":[],"yoast_head":"<!-- This site is optimized with the Yoast SEO plugin v21.1 - https:\/\/yoast.com\/wordpress\/plugins\/seo\/ -->\n<title>Blouses jetables polypropyl\u00e8ne, manches longue fermeture par pressions &ndash; CLEAN PROTEC<\/title>\n<meta name=\"description\" content=\"Ces blouses jetables en PP sont parfaites pour une utilisation dans les laboratoires et les secteurs de l&#039;industrie chimique.\" \/>\n<meta name=\"robots\" content=\"index, follow, max-snippet:-1, max-image-preview:large, max-video-preview:-1\" \/>\n<link rel=\"canonical\" href=\"https:\/\/www.clean-protec.eu\/index.php\/produit\/blouse-jetable-polyproylene-avec-fermeture-pressions\/\" \/>\n<meta property=\"og:locale\" content=\"fr_FR\" \/>\n<meta property=\"og:type\" content=\"article\" \/>\n<meta property=\"og:title\" content=\"Blouses jetables polypropyl\u00e8ne, manches longue fermeture par pressions &ndash; CLEAN PROTEC\" \/>\n<meta property=\"og:description\" content=\"Ces blouses jetables en PP sont parfaites pour une utilisation dans les laboratoires et les secteurs de l&#039;industrie chimique.\" \/>\n<meta property=\"og:url\" content=\"https:\/\/www.clean-protec.eu\/index.php\/produit\/blouse-jetable-polyproylene-avec-fermeture-pressions\/\" \/>\n<meta property=\"og:site_name\" content=\"CLEAN PROTEC\" \/>\n<meta property=\"article:publisher\" content=\"https:\/\/www.facebook.com\/114202367035261\/posts\/128364112285753\/?d=n&amp;amp%3bamp%3bamp%3bamp%3bamp%3bamp%3bamp%3bamp%3bamp%3bamp%3bsubstory_index=2\" \/>\n<meta property=\"article:modified_time\" content=\"2020-12-08T22:40:50+00:00\" \/>\n<meta property=\"og:image\" content=\"https:\/\/www.clean-protec.eu\/wp-content\/uploads\/2020\/07\/polyco-healthline-shield-blouse-visiteur-jetable-p.jpg\" \/>\n\t<meta property=\"og:image:width\" content=\"1024\" \/>\n\t<meta property=\"og:image:height\" content=\"580\" \/>\n\t<meta property=\"og:image:type\" content=\"image\/jpeg\" \/>\n<meta name=\"twitter:card\" content=\"summary_large_image\" \/>\n<script type=\"application\/ld+json\" class=\"yoast-schema-graph\">{\"@context\":\"https:\/\/schema.org\",\"@graph\":[{\"@type\":\"WebPage\",\"@id\":\"https:\/\/www.clean-protec.eu\/index.php\/produit\/blouse-jetable-polyproylene-avec-fermeture-pressions\/\",\"url\":\"https:\/\/www.clean-protec.eu\/index.php\/produit\/blouse-jetable-polyproylene-avec-fermeture-pressions\/\",\"name\":\"Blouses jetables polypropyl\u00e8ne, manches longue fermeture par pressions &ndash; CLEAN PROTEC\",\"isPartOf\":{\"@id\":\"https:\/\/www.clean-protec.eu\/#website\"},\"datePublished\":\"2020-07-23T11:44:54+00:00\",\"dateModified\":\"2020-12-08T22:40:50+00:00\",\"description\":\"Ces blouses jetables en PP sont parfaites pour une utilisation dans les laboratoires et les secteurs de l'industrie chimique.\",\"breadcrumb\":{\"@id\":\"https:\/\/www.clean-protec.eu\/index.php\/produit\/blouse-jetable-polyproylene-avec-fermeture-pressions\/#breadcrumb\"},\"inLanguage\":\"fr-FR\",\"potentialAction\":[{\"@type\":\"ReadAction\",\"target\":[\"https:\/\/www.clean-protec.eu\/index.php\/produit\/blouse-jetable-polyproylene-avec-fermeture-pressions\/\"]}]},{\"@type\":\"BreadcrumbList\",\"@id\":\"https:\/\/www.clean-protec.eu\/index.php\/produit\/blouse-jetable-polyproylene-avec-fermeture-pressions\/#breadcrumb\",\"itemListElement\":[{\"@type\":\"ListItem\",\"position\":1,\"name\":\"Accueil\",\"item\":\"https:\/\/www.clean-protec.eu\/\"},{\"@type\":\"ListItem\",\"position\":2,\"name\":\"Boutique Medical\",\"item\":\"https:\/\/www.clean-protec.eu\/index.php\/shop-2\/\"},{\"@type\":\"ListItem\",\"position\":3,\"name\":\"Blouses jetables polypropyl\u00e8ne, manches longue fermeture par pressions\"}]},{\"@type\":\"WebSite\",\"@id\":\"https:\/\/www.clean-protec.eu\/#website\",\"url\":\"https:\/\/www.clean-protec.eu\/\",\"name\":\"Clean Protec\",\"description\":\"CLEAN PROTEC est sp\u00e9cialis\u00e9 dans la vente d&#039;\u00e9quipements de protections individuelles et de m\u00e9dicaux en France\",\"publisher\":{\"@id\":\"https:\/\/www.clean-protec.eu\/#organization\"},\"potentialAction\":[{\"@type\":\"SearchAction\",\"target\":{\"@type\":\"EntryPoint\",\"urlTemplate\":\"https:\/\/www.clean-protec.eu\/?s={search_term_string}\"},\"query-input\":\"required name=search_term_string\"}],\"inLanguage\":\"fr-FR\"},{\"@type\":\"Organization\",\"@id\":\"https:\/\/www.clean-protec.eu\/#organization\",\"name\":\"Clean Protec\",\"url\":\"https:\/\/www.clean-protec.eu\/\",\"logo\":{\"@type\":\"ImageObject\",\"inLanguage\":\"fr-FR\",\"@id\":\"https:\/\/www.clean-protec.eu\/#\/schema\/logo\/image\/\",\"url\":\"https:\/\/www.clean-protec.eu\/wp-content\/uploads\/2020\/05\/logo_clean_protec1.png\",\"contentUrl\":\"https:\/\/www.clean-protec.eu\/wp-content\/uploads\/2020\/05\/logo_clean_protec1.png\",\"width\":354,\"height\":275,\"caption\":\"Clean Protec\"},\"image\":{\"@id\":\"https:\/\/www.clean-protec.eu\/#\/schema\/logo\/image\/\"},\"sameAs\":[\"https:\/\/www.facebook.com\/114202367035261\/posts\/128364112285753\/?d=n&amp;amp;amp;amp;amp;amp;amp;amp;amp;amp;substory_index=2\"]}]}<\/script>\n<!-- \/ Yoast SEO plugin. -->","yoast_head_json":{"title":"Blouses jetables polypropyl\u00e8ne, manches longue fermeture par pressions &ndash; CLEAN PROTEC","description":"Ces blouses jetables en PP sont parfaites pour une utilisation dans les laboratoires et les secteurs de l'industrie chimique.","robots":{"index":"index","follow":"follow","max-snippet":"max-snippet:-1","max-image-preview":"max-image-preview:large","max-video-preview":"max-video-preview:-1"},"canonical":"https:\/\/www.clean-protec.eu\/index.php\/produit\/blouse-jetable-polyproylene-avec-fermeture-pressions\/","og_locale":"fr_FR","og_type":"article","og_title":"Blouses jetables polypropyl\u00e8ne, manches longue fermeture par pressions &ndash; CLEAN PROTEC","og_description":"Ces blouses jetables en PP sont parfaites pour une utilisation dans les laboratoires et les secteurs de l'industrie chimique.","og_url":"https:\/\/www.clean-protec.eu\/index.php\/produit\/blouse-jetable-polyproylene-avec-fermeture-pressions\/","og_site_name":"CLEAN PROTEC","article_publisher":"https:\/\/www.facebook.com\/114202367035261\/posts\/128364112285753\/?d=n&amp%3bamp%3bamp%3bamp%3bamp%3bamp%3bamp%3bamp%3bamp%3bamp%3bsubstory_index=2","article_modified_time":"2020-12-08T22:40:50+00:00","og_image":[{"width":1024,"height":580,"url":"https:\/\/www.clean-protec.eu\/wp-content\/uploads\/2020\/07\/polyco-healthline-shield-blouse-visiteur-jetable-p.jpg","type":"image\/jpeg"}],"twitter_card":"summary_large_image","schema":{"@context":"https:\/\/schema.org","@graph":[{"@type":"WebPage","@id":"https:\/\/www.clean-protec.eu\/index.php\/produit\/blouse-jetable-polyproylene-avec-fermeture-pressions\/","url":"https:\/\/www.clean-protec.eu\/index.php\/produit\/blouse-jetable-polyproylene-avec-fermeture-pressions\/","name":"Blouses jetables polypropyl\u00e8ne, manches longue fermeture par pressions &ndash; CLEAN PROTEC","isPartOf":{"@id":"https:\/\/www.clean-protec.eu\/#website"},"datePublished":"2020-07-23T11:44:54+00:00","dateModified":"2020-12-08T22:40:50+00:00","description":"Ces blouses jetables en PP sont parfaites pour une utilisation dans les laboratoires et les secteurs de l'industrie chimique.","breadcrumb":{"@id":"https:\/\/www.clean-protec.eu\/index.php\/produit\/blouse-jetable-polyproylene-avec-fermeture-pressions\/#breadcrumb"},"inLanguage":"fr-FR","potentialAction":[{"@type":"ReadAction","target":["https:\/\/www.clean-protec.eu\/index.php\/produit\/blouse-jetable-polyproylene-avec-fermeture-pressions\/"]}]},{"@type":"BreadcrumbList","@id":"https:\/\/www.clean-protec.eu\/index.php\/produit\/blouse-jetable-polyproylene-avec-fermeture-pressions\/#breadcrumb","itemListElement":[{"@type":"ListItem","position":1,"name":"Accueil","item":"https:\/\/www.clean-protec.eu\/"},{"@type":"ListItem","position":2,"name":"Boutique Medical","item":"https:\/\/www.clean-protec.eu\/index.php\/shop-2\/"},{"@type":"ListItem","position":3,"name":"Blouses jetables polypropyl\u00e8ne, manches longue fermeture par pressions"}]},{"@type":"WebSite","@id":"https:\/\/www.clean-protec.eu\/#website","url":"https:\/\/www.clean-protec.eu\/","name":"Clean Protec","description":"CLEAN PROTEC est sp\u00e9cialis\u00e9 dans la vente d&#039;\u00e9quipements de protections individuelles et de m\u00e9dicaux en France","publisher":{"@id":"https:\/\/www.clean-protec.eu\/#organization"},"potentialAction":[{"@type":"SearchAction","target":{"@type":"EntryPoint","urlTemplate":"https:\/\/www.clean-protec.eu\/?s={search_term_string}"},"query-input":"required name=search_term_string"}],"inLanguage":"fr-FR"},{"@type":"Organization","@id":"https:\/\/www.clean-protec.eu\/#organization","name":"Clean Protec","url":"https:\/\/www.clean-protec.eu\/","logo":{"@type":"ImageObject","inLanguage":"fr-FR","@id":"https:\/\/www.clean-protec.eu\/#\/schema\/logo\/image\/","url":"https:\/\/www.clean-protec.eu\/wp-content\/uploads\/2020\/05\/logo_clean_protec1.png","contentUrl":"https:\/\/www.clean-protec.eu\/wp-content\/uploads\/2020\/05\/logo_clean_protec1.png","width":354,"height":275,"caption":"Clean Protec"},"image":{"@id":"https:\/\/www.clean-protec.eu\/#\/schema\/logo\/image\/"},"sameAs":["https:\/\/www.facebook.com\/114202367035261\/posts\/128364112285753\/?d=n&amp;amp;amp;amp;amp;amp;amp;amp;amp;amp;substory_index=2"]}]}},"_links":{"self":[{"href":"https:\/\/www.clean-protec.eu\/index.php\/wp-json\/wp\/v2\/product\/2023"}],"collection":[{"href":"https:\/\/www.clean-protec.eu\/index.php\/wp-json\/wp\/v2\/product"}],"about":[{"href":"https:\/\/www.clean-protec.eu\/index.php\/wp-json\/wp\/v2\/types\/product"}],"replies":[{"embeddable":true,"href":"https:\/\/www.clean-protec.eu\/index.php\/wp-json\/wp\/v2\/comments?post=2023"}],"wp:featuredmedia":[{"embeddable":true,"href":"https:\/\/www.clean-protec.eu\/index.php\/wp-json\/wp\/v2\/media\/2025"}],"wp:attachment":[{"href":"https:\/\/www.clean-protec.eu\/index.php\/wp-json\/wp\/v2\/media?parent=2023"}],"wp:term":[{"taxonomy":"product_cat","embeddable":true,"href":"https:\/\/www.clean-protec.eu\/index.php\/wp-json\/wp\/v2\/product_cat?post=2023"},{"taxonomy":"product_tag","embeddable":true,"href":"https:\/\/www.clean-protec.eu\/index.php\/wp-json\/wp\/v2\/product_tag?post=2023"}],"curies":[{"name":"wp","href":"https:\/\/api.w.org\/{rel}","templated":true}]}}