{"id":2058,"date":"2020-10-25T02:47:44","date_gmt":"2020-10-25T01:47:44","guid":{"rendered":"https:\/\/clean-protec.eu\/?post_type=product&#038;p=2058"},"modified":"2020-12-13T21:21:42","modified_gmt":"2020-12-13T20:21:42","slug":"gant-jetable-vinyle-non-poudres-saniform-boite-de-100","status":"publish","type":"product","link":"https:\/\/www.clean-protec.eu\/index.php\/produit\/gant-jetable-vinyle-non-poudres-saniform-boite-de-100\/","title":{"rendered":"Gant jetable vinyle non poudr\u00e9s \u00ab\u00a0SANIFORM\u00a0\u00bb , Bo\u00eete de 100"},"content":{"rendered":"<ul>\n<li><span class=\"a-list-item\">Gants vinyle avec certification CE<\/span><\/li>\n<li>Conformes aux normes EN 420, EN 374<\/li>\n<li><span class=\"a-list-item\">Parfaites pour les personnes allergiques au latex<\/span><\/li>\n<li><span class=\"a-list-item\">Bonne tol\u00e9rance de la peau en raison de l\u2019absence de poudre et de latex.\u00a0<\/span><\/li>\n<li><span class=\"a-list-item\">Convenables aux activit\u00e9s divers: professionnels de la sant\u00e9, laboratoires, industrie alimentaire, restauration, salons de beaut\u00e9, m\u00e9canique, nettoyage, bricolage, jardinage et bien d\u2019autres<\/span><\/li>\n<\/ul>\n","protected":false},"excerpt":{"rendered":"<ul>\n<li>Excellente qualit\u00e9<\/li>\n<li>Normes En374<\/li>\n<li>Norme : CE<\/li>\n<\/ul>\n","protected":false},"featured_media":2062,"comment_status":"open","ping_status":"closed","template":"","meta":[],"product_cat":[202],"product_tag":[],"yoast_head":"<!-- This site is optimized with the Yoast SEO plugin v21.1 - https:\/\/yoast.com\/wordpress\/plugins\/seo\/ -->\n<title>Gant jetable vinyle non poudr\u00e9s &quot;SANIFORM&quot; , Bo\u00eete de 100<\/title>\n<meta name=\"description\" content=\"Convenables aux activit\u00e9s divers: professionnels de la sant\u00e9, laboratoires, industrie alimentaire, restauration, salons de beaut\u00e9, m\u00e9canique.\" \/>\n<meta name=\"robots\" content=\"index, follow, max-snippet:-1, max-image-preview:large, max-video-preview:-1\" \/>\n<link rel=\"canonical\" href=\"https:\/\/www.clean-protec.eu\/index.php\/produit\/gant-jetable-vinyle-non-poudres-saniform-boite-de-100\/\" \/>\n<meta property=\"og:locale\" content=\"fr_FR\" \/>\n<meta property=\"og:type\" content=\"article\" \/>\n<meta property=\"og:title\" content=\"Gant jetable vinyle non poudr\u00e9s &quot;SANIFORM&quot; , Bo\u00eete de 100\" \/>\n<meta property=\"og:description\" content=\"Convenables aux activit\u00e9s divers: professionnels de la sant\u00e9, laboratoires, industrie alimentaire, restauration, salons de beaut\u00e9, m\u00e9canique.\" \/>\n<meta property=\"og:url\" content=\"https:\/\/www.clean-protec.eu\/index.php\/produit\/gant-jetable-vinyle-non-poudres-saniform-boite-de-100\/\" \/>\n<meta property=\"og:site_name\" content=\"CLEAN PROTEC\" \/>\n<meta property=\"article:publisher\" content=\"https:\/\/www.facebook.com\/114202367035261\/posts\/128364112285753\/?d=n&amp;amp%3bamp%3bamp%3bamp%3bamp%3bamp%3bamp%3bamp%3bamp%3bamp%3bsubstory_index=2\" \/>\n<meta property=\"article:modified_time\" content=\"2020-12-13T20:21:42+00:00\" \/>\n<meta property=\"og:image\" content=\"https:\/\/www.clean-protec.eu\/wp-content\/uploads\/2020\/10\/Gant-vinyle-taille-M-1-e1603661633695.jpg\" \/>\n\t<meta property=\"og:image:width\" content=\"825\" \/>\n\t<meta property=\"og:image:height\" content=\"663\" \/>\n\t<meta property=\"og:image:type\" content=\"image\/jpeg\" \/>\n<meta name=\"twitter:card\" content=\"summary_large_image\" \/>\n<script type=\"application\/ld+json\" class=\"yoast-schema-graph\">{\"@context\":\"https:\/\/schema.org\",\"@graph\":[{\"@type\":\"WebPage\",\"@id\":\"https:\/\/www.clean-protec.eu\/index.php\/produit\/gant-jetable-vinyle-non-poudres-saniform-boite-de-100\/\",\"url\":\"https:\/\/www.clean-protec.eu\/index.php\/produit\/gant-jetable-vinyle-non-poudres-saniform-boite-de-100\/\",\"name\":\"Gant jetable vinyle non poudr\u00e9s \\\"SANIFORM\\\" , Bo\u00eete de 100\",\"isPartOf\":{\"@id\":\"https:\/\/www.clean-protec.eu\/#website\"},\"datePublished\":\"2020-10-25T01:47:44+00:00\",\"dateModified\":\"2020-12-13T20:21:42+00:00\",\"description\":\"Convenables aux activit\u00e9s divers: professionnels de la sant\u00e9, laboratoires, industrie alimentaire, restauration, salons de beaut\u00e9, m\u00e9canique.\",\"breadcrumb\":{\"@id\":\"https:\/\/www.clean-protec.eu\/index.php\/produit\/gant-jetable-vinyle-non-poudres-saniform-boite-de-100\/#breadcrumb\"},\"inLanguage\":\"fr-FR\",\"potentialAction\":[{\"@type\":\"ReadAction\",\"target\":[\"https:\/\/www.clean-protec.eu\/index.php\/produit\/gant-jetable-vinyle-non-poudres-saniform-boite-de-100\/\"]}]},{\"@type\":\"BreadcrumbList\",\"@id\":\"https:\/\/www.clean-protec.eu\/index.php\/produit\/gant-jetable-vinyle-non-poudres-saniform-boite-de-100\/#breadcrumb\",\"itemListElement\":[{\"@type\":\"ListItem\",\"position\":1,\"name\":\"Accueil\",\"item\":\"https:\/\/www.clean-protec.eu\/\"},{\"@type\":\"ListItem\",\"position\":2,\"name\":\"Boutique Medical\",\"item\":\"https:\/\/www.clean-protec.eu\/index.php\/shop-2\/\"},{\"@type\":\"ListItem\",\"position\":3,\"name\":\"Gant jetable vinyle non poudr\u00e9s \u00ab\u00a0SANIFORM\u00a0\u00bb , Bo\u00eete de 100\"}]},{\"@type\":\"WebSite\",\"@id\":\"https:\/\/www.clean-protec.eu\/#website\",\"url\":\"https:\/\/www.clean-protec.eu\/\",\"name\":\"Clean Protec\",\"description\":\"CLEAN PROTEC est sp\u00e9cialis\u00e9 dans la vente d&#039;\u00e9quipements de protections individuelles et de m\u00e9dicaux en France\",\"publisher\":{\"@id\":\"https:\/\/www.clean-protec.eu\/#organization\"},\"potentialAction\":[{\"@type\":\"SearchAction\",\"target\":{\"@type\":\"EntryPoint\",\"urlTemplate\":\"https:\/\/www.clean-protec.eu\/?s={search_term_string}\"},\"query-input\":\"required name=search_term_string\"}],\"inLanguage\":\"fr-FR\"},{\"@type\":\"Organization\",\"@id\":\"https:\/\/www.clean-protec.eu\/#organization\",\"name\":\"Clean Protec\",\"url\":\"https:\/\/www.clean-protec.eu\/\",\"logo\":{\"@type\":\"ImageObject\",\"inLanguage\":\"fr-FR\",\"@id\":\"https:\/\/www.clean-protec.eu\/#\/schema\/logo\/image\/\",\"url\":\"https:\/\/www.clean-protec.eu\/wp-content\/uploads\/2020\/05\/logo_clean_protec1.png\",\"contentUrl\":\"https:\/\/www.clean-protec.eu\/wp-content\/uploads\/2020\/05\/logo_clean_protec1.png\",\"width\":354,\"height\":275,\"caption\":\"Clean Protec\"},\"image\":{\"@id\":\"https:\/\/www.clean-protec.eu\/#\/schema\/logo\/image\/\"},\"sameAs\":[\"https:\/\/www.facebook.com\/114202367035261\/posts\/128364112285753\/?d=n&amp;amp;amp;amp;amp;amp;amp;amp;amp;amp;substory_index=2\"]}]}<\/script>\n<!-- \/ Yoast SEO plugin. -->","yoast_head_json":{"title":"Gant jetable vinyle non poudr\u00e9s \"SANIFORM\" , Bo\u00eete de 100","description":"Convenables aux activit\u00e9s divers: professionnels de la sant\u00e9, laboratoires, industrie alimentaire, restauration, salons de beaut\u00e9, m\u00e9canique.","robots":{"index":"index","follow":"follow","max-snippet":"max-snippet:-1","max-image-preview":"max-image-preview:large","max-video-preview":"max-video-preview:-1"},"canonical":"https:\/\/www.clean-protec.eu\/index.php\/produit\/gant-jetable-vinyle-non-poudres-saniform-boite-de-100\/","og_locale":"fr_FR","og_type":"article","og_title":"Gant jetable vinyle non poudr\u00e9s \"SANIFORM\" , Bo\u00eete de 100","og_description":"Convenables aux activit\u00e9s divers: professionnels de la sant\u00e9, laboratoires, industrie alimentaire, restauration, salons de beaut\u00e9, m\u00e9canique.","og_url":"https:\/\/www.clean-protec.eu\/index.php\/produit\/gant-jetable-vinyle-non-poudres-saniform-boite-de-100\/","og_site_name":"CLEAN PROTEC","article_publisher":"https:\/\/www.facebook.com\/114202367035261\/posts\/128364112285753\/?d=n&amp%3bamp%3bamp%3bamp%3bamp%3bamp%3bamp%3bamp%3bamp%3bamp%3bsubstory_index=2","article_modified_time":"2020-12-13T20:21:42+00:00","og_image":[{"width":825,"height":663,"url":"https:\/\/www.clean-protec.eu\/wp-content\/uploads\/2020\/10\/Gant-vinyle-taille-M-1-e1603661633695.jpg","type":"image\/jpeg"}],"twitter_card":"summary_large_image","schema":{"@context":"https:\/\/schema.org","@graph":[{"@type":"WebPage","@id":"https:\/\/www.clean-protec.eu\/index.php\/produit\/gant-jetable-vinyle-non-poudres-saniform-boite-de-100\/","url":"https:\/\/www.clean-protec.eu\/index.php\/produit\/gant-jetable-vinyle-non-poudres-saniform-boite-de-100\/","name":"Gant jetable vinyle non poudr\u00e9s \"SANIFORM\" , Bo\u00eete de 100","isPartOf":{"@id":"https:\/\/www.clean-protec.eu\/#website"},"datePublished":"2020-10-25T01:47:44+00:00","dateModified":"2020-12-13T20:21:42+00:00","description":"Convenables aux activit\u00e9s divers: professionnels de la sant\u00e9, laboratoires, industrie alimentaire, restauration, salons de beaut\u00e9, m\u00e9canique.","breadcrumb":{"@id":"https:\/\/www.clean-protec.eu\/index.php\/produit\/gant-jetable-vinyle-non-poudres-saniform-boite-de-100\/#breadcrumb"},"inLanguage":"fr-FR","potentialAction":[{"@type":"ReadAction","target":["https:\/\/www.clean-protec.eu\/index.php\/produit\/gant-jetable-vinyle-non-poudres-saniform-boite-de-100\/"]}]},{"@type":"BreadcrumbList","@id":"https:\/\/www.clean-protec.eu\/index.php\/produit\/gant-jetable-vinyle-non-poudres-saniform-boite-de-100\/#breadcrumb","itemListElement":[{"@type":"ListItem","position":1,"name":"Accueil","item":"https:\/\/www.clean-protec.eu\/"},{"@type":"ListItem","position":2,"name":"Boutique Medical","item":"https:\/\/www.clean-protec.eu\/index.php\/shop-2\/"},{"@type":"ListItem","position":3,"name":"Gant jetable vinyle non poudr\u00e9s \u00ab\u00a0SANIFORM\u00a0\u00bb , Bo\u00eete de 100"}]},{"@type":"WebSite","@id":"https:\/\/www.clean-protec.eu\/#website","url":"https:\/\/www.clean-protec.eu\/","name":"Clean Protec","description":"CLEAN PROTEC est sp\u00e9cialis\u00e9 dans la vente d&#039;\u00e9quipements de protections individuelles et de m\u00e9dicaux en France","publisher":{"@id":"https:\/\/www.clean-protec.eu\/#organization"},"potentialAction":[{"@type":"SearchAction","target":{"@type":"EntryPoint","urlTemplate":"https:\/\/www.clean-protec.eu\/?s={search_term_string}"},"query-input":"required name=search_term_string"}],"inLanguage":"fr-FR"},{"@type":"Organization","@id":"https:\/\/www.clean-protec.eu\/#organization","name":"Clean Protec","url":"https:\/\/www.clean-protec.eu\/","logo":{"@type":"ImageObject","inLanguage":"fr-FR","@id":"https:\/\/www.clean-protec.eu\/#\/schema\/logo\/image\/","url":"https:\/\/www.clean-protec.eu\/wp-content\/uploads\/2020\/05\/logo_clean_protec1.png","contentUrl":"https:\/\/www.clean-protec.eu\/wp-content\/uploads\/2020\/05\/logo_clean_protec1.png","width":354,"height":275,"caption":"Clean Protec"},"image":{"@id":"https:\/\/www.clean-protec.eu\/#\/schema\/logo\/image\/"},"sameAs":["https:\/\/www.facebook.com\/114202367035261\/posts\/128364112285753\/?d=n&amp;amp;amp;amp;amp;amp;amp;amp;amp;amp;substory_index=2"]}]}},"_links":{"self":[{"href":"https:\/\/www.clean-protec.eu\/index.php\/wp-json\/wp\/v2\/product\/2058"}],"collection":[{"href":"https:\/\/www.clean-protec.eu\/index.php\/wp-json\/wp\/v2\/product"}],"about":[{"href":"https:\/\/www.clean-protec.eu\/index.php\/wp-json\/wp\/v2\/types\/product"}],"replies":[{"embeddable":true,"href":"https:\/\/www.clean-protec.eu\/index.php\/wp-json\/wp\/v2\/comments?post=2058"}],"wp:featuredmedia":[{"embeddable":true,"href":"https:\/\/www.clean-protec.eu\/index.php\/wp-json\/wp\/v2\/media\/2062"}],"wp:attachment":[{"href":"https:\/\/www.clean-protec.eu\/index.php\/wp-json\/wp\/v2\/media?parent=2058"}],"wp:term":[{"taxonomy":"product_cat","embeddable":true,"href":"https:\/\/www.clean-protec.eu\/index.php\/wp-json\/wp\/v2\/product_cat?post=2058"},{"taxonomy":"product_tag","embeddable":true,"href":"https:\/\/www.clean-protec.eu\/index.php\/wp-json\/wp\/v2\/product_tag?post=2058"}],"curies":[{"name":"wp","href":"https:\/\/api.w.org\/{rel}","templated":true}]}}