{"id":2081,"date":"2020-11-22T01:43:55","date_gmt":"2020-11-22T00:43:55","guid":{"rendered":"https:\/\/clean-protec.eu\/?post_type=product&#038;p=2081"},"modified":"2020-12-09T01:29:34","modified_gmt":"2020-12-09T00:29:34","slug":"thermometre-flexible-genial","status":"publish","type":"product","link":"https:\/\/www.clean-protec.eu\/index.php\/produit\/thermometre-flexible-genial\/","title":{"rendered":"Thermom\u00e8tre Flexible GENIAL"},"content":{"rendered":"<p>Mod\u00e8le : T15SC<br \/>\nGarantie : 1 an<br \/>\nPuissance : 0,15 MW (en fonctionnement)<br \/>\nPr\u00e9cision : \u00b1 0,1\u00b0C<br \/>\nTemps de mesure : environ 1 minute<br \/>\nPlage de mesure : 32,0 \u00e0 42,0\u00b0C \/ 89,6 \u00e0 107,6\u00b0F<br \/>\nM\u00e9moire : m\u00e9morisation de la derni\u00e8re mesure<br \/>\nAvertisseur sonore LOC : en dessous de 32 \u2103<br \/>\nType de capteur : thermostat<br \/>\nPile : pile au lithium de 1,55 V (SR\/LR41 ou UCC392)<br \/>\nTaille de l&rsquo;\u00e9cran LCD : 2*0,8 cm<br \/>\nTaille du produit : 12,8*1,9*1cm<br \/>\nAffichage : LCD 4 chiffres<br \/>\nProduits avec bo\u00eete : 16*5*1,2cm<br \/>\nMat\u00e9riau : ABS<\/p>\n<p>Mat\u00e9riau : coque en gomme molle et sonde flexible, \u00e9tanche et r\u00e9sistante aux chocs<\/p>\n","protected":false},"excerpt":{"rendered":"<p>Mod\u00e8le : T15SC Garantie : 1 an Puissance : 0,15 MW (en fonctionnement) Pr\u00e9cision : \u00b1 0,1\u00b0C Temps de mesure : environ 1 minute Plage de mesure : 32,0 \u00e0<\/p>\n","protected":false},"featured_media":2082,"comment_status":"open","ping_status":"closed","template":"","meta":[],"product_cat":[200],"product_tag":[],"yoast_head":"<!-- This site is optimized with the Yoast SEO plugin v21.1 - https:\/\/yoast.com\/wordpress\/plugins\/seo\/ -->\n<title>Thermom\u00e8tre Flexible GENIAL &ndash; CLEAN PROTEC<\/title>\n<meta name=\"description\" content=\"Le thermom\u00e8tre digital GENIAL permet la prise de temp\u00e9rature de mani\u00e8re fiable. Son embout flexible rend son utilisation facile\" \/>\n<meta name=\"robots\" content=\"index, follow, max-snippet:-1, max-image-preview:large, max-video-preview:-1\" \/>\n<link rel=\"canonical\" href=\"https:\/\/www.clean-protec.eu\/index.php\/produit\/thermometre-flexible-genial\/\" \/>\n<meta property=\"og:locale\" content=\"fr_FR\" \/>\n<meta property=\"og:type\" content=\"article\" \/>\n<meta property=\"og:title\" content=\"Thermom\u00e8tre Flexible GENIAL &ndash; CLEAN PROTEC\" \/>\n<meta property=\"og:description\" content=\"Le thermom\u00e8tre digital GENIAL permet la prise de temp\u00e9rature de mani\u00e8re fiable. Son embout flexible rend son utilisation facile\" \/>\n<meta property=\"og:url\" content=\"https:\/\/www.clean-protec.eu\/index.php\/produit\/thermometre-flexible-genial\/\" \/>\n<meta property=\"og:site_name\" content=\"CLEAN PROTEC\" \/>\n<meta property=\"article:publisher\" content=\"https:\/\/www.facebook.com\/114202367035261\/posts\/128364112285753\/?d=n&amp;amp%3bamp%3bamp%3bamp%3bamp%3bamp%3bamp%3bamp%3bamp%3bamp%3bsubstory_index=2\" \/>\n<meta property=\"article:modified_time\" content=\"2020-12-09T00:29:34+00:00\" \/>\n<meta property=\"og:image\" content=\"https:\/\/www.clean-protec.eu\/wp-content\/uploads\/2020\/11\/Thermome\u0300tre-Flexible-GE\u0301NIAL-.jpg\" \/>\n\t<meta property=\"og:image:width\" content=\"800\" \/>\n\t<meta property=\"og:image:height\" content=\"800\" \/>\n\t<meta property=\"og:image:type\" content=\"image\/jpeg\" \/>\n<meta name=\"twitter:card\" content=\"summary_large_image\" \/>\n<script type=\"application\/ld+json\" class=\"yoast-schema-graph\">{\"@context\":\"https:\/\/schema.org\",\"@graph\":[{\"@type\":\"WebPage\",\"@id\":\"https:\/\/www.clean-protec.eu\/index.php\/produit\/thermometre-flexible-genial\/\",\"url\":\"https:\/\/www.clean-protec.eu\/index.php\/produit\/thermometre-flexible-genial\/\",\"name\":\"Thermom\u00e8tre Flexible GENIAL &ndash; CLEAN PROTEC\",\"isPartOf\":{\"@id\":\"https:\/\/www.clean-protec.eu\/#website\"},\"datePublished\":\"2020-11-22T00:43:55+00:00\",\"dateModified\":\"2020-12-09T00:29:34+00:00\",\"description\":\"Le thermom\u00e8tre digital GENIAL permet la prise de temp\u00e9rature de mani\u00e8re fiable. Son embout flexible rend son utilisation facile\",\"breadcrumb\":{\"@id\":\"https:\/\/www.clean-protec.eu\/index.php\/produit\/thermometre-flexible-genial\/#breadcrumb\"},\"inLanguage\":\"fr-FR\",\"potentialAction\":[{\"@type\":\"ReadAction\",\"target\":[\"https:\/\/www.clean-protec.eu\/index.php\/produit\/thermometre-flexible-genial\/\"]}]},{\"@type\":\"BreadcrumbList\",\"@id\":\"https:\/\/www.clean-protec.eu\/index.php\/produit\/thermometre-flexible-genial\/#breadcrumb\",\"itemListElement\":[{\"@type\":\"ListItem\",\"position\":1,\"name\":\"Accueil\",\"item\":\"https:\/\/www.clean-protec.eu\/\"},{\"@type\":\"ListItem\",\"position\":2,\"name\":\"Boutique Medical\",\"item\":\"https:\/\/www.clean-protec.eu\/index.php\/shop-2\/\"},{\"@type\":\"ListItem\",\"position\":3,\"name\":\"Thermom\u00e8tre Flexible GENIAL\"}]},{\"@type\":\"WebSite\",\"@id\":\"https:\/\/www.clean-protec.eu\/#website\",\"url\":\"https:\/\/www.clean-protec.eu\/\",\"name\":\"Clean Protec\",\"description\":\"CLEAN PROTEC est sp\u00e9cialis\u00e9 dans la vente d&#039;\u00e9quipements de protections individuelles et de m\u00e9dicaux en France\",\"publisher\":{\"@id\":\"https:\/\/www.clean-protec.eu\/#organization\"},\"potentialAction\":[{\"@type\":\"SearchAction\",\"target\":{\"@type\":\"EntryPoint\",\"urlTemplate\":\"https:\/\/www.clean-protec.eu\/?s={search_term_string}\"},\"query-input\":\"required name=search_term_string\"}],\"inLanguage\":\"fr-FR\"},{\"@type\":\"Organization\",\"@id\":\"https:\/\/www.clean-protec.eu\/#organization\",\"name\":\"Clean Protec\",\"url\":\"https:\/\/www.clean-protec.eu\/\",\"logo\":{\"@type\":\"ImageObject\",\"inLanguage\":\"fr-FR\",\"@id\":\"https:\/\/www.clean-protec.eu\/#\/schema\/logo\/image\/\",\"url\":\"https:\/\/www.clean-protec.eu\/wp-content\/uploads\/2020\/05\/logo_clean_protec1.png\",\"contentUrl\":\"https:\/\/www.clean-protec.eu\/wp-content\/uploads\/2020\/05\/logo_clean_protec1.png\",\"width\":354,\"height\":275,\"caption\":\"Clean Protec\"},\"image\":{\"@id\":\"https:\/\/www.clean-protec.eu\/#\/schema\/logo\/image\/\"},\"sameAs\":[\"https:\/\/www.facebook.com\/114202367035261\/posts\/128364112285753\/?d=n&amp;amp;amp;amp;amp;amp;amp;amp;amp;amp;substory_index=2\"]}]}<\/script>\n<!-- \/ Yoast SEO plugin. -->","yoast_head_json":{"title":"Thermom\u00e8tre Flexible GENIAL &ndash; CLEAN PROTEC","description":"Le thermom\u00e8tre digital GENIAL permet la prise de temp\u00e9rature de mani\u00e8re fiable. Son embout flexible rend son utilisation facile","robots":{"index":"index","follow":"follow","max-snippet":"max-snippet:-1","max-image-preview":"max-image-preview:large","max-video-preview":"max-video-preview:-1"},"canonical":"https:\/\/www.clean-protec.eu\/index.php\/produit\/thermometre-flexible-genial\/","og_locale":"fr_FR","og_type":"article","og_title":"Thermom\u00e8tre Flexible GENIAL &ndash; CLEAN PROTEC","og_description":"Le thermom\u00e8tre digital GENIAL permet la prise de temp\u00e9rature de mani\u00e8re fiable. Son embout flexible rend son utilisation facile","og_url":"https:\/\/www.clean-protec.eu\/index.php\/produit\/thermometre-flexible-genial\/","og_site_name":"CLEAN PROTEC","article_publisher":"https:\/\/www.facebook.com\/114202367035261\/posts\/128364112285753\/?d=n&amp%3bamp%3bamp%3bamp%3bamp%3bamp%3bamp%3bamp%3bamp%3bamp%3bsubstory_index=2","article_modified_time":"2020-12-09T00:29:34+00:00","og_image":[{"width":800,"height":800,"url":"https:\/\/www.clean-protec.eu\/wp-content\/uploads\/2020\/11\/Thermome\u0300tre-Flexible-GE\u0301NIAL-.jpg","type":"image\/jpeg"}],"twitter_card":"summary_large_image","schema":{"@context":"https:\/\/schema.org","@graph":[{"@type":"WebPage","@id":"https:\/\/www.clean-protec.eu\/index.php\/produit\/thermometre-flexible-genial\/","url":"https:\/\/www.clean-protec.eu\/index.php\/produit\/thermometre-flexible-genial\/","name":"Thermom\u00e8tre Flexible GENIAL &ndash; CLEAN PROTEC","isPartOf":{"@id":"https:\/\/www.clean-protec.eu\/#website"},"datePublished":"2020-11-22T00:43:55+00:00","dateModified":"2020-12-09T00:29:34+00:00","description":"Le thermom\u00e8tre digital GENIAL permet la prise de temp\u00e9rature de mani\u00e8re fiable. Son embout flexible rend son utilisation facile","breadcrumb":{"@id":"https:\/\/www.clean-protec.eu\/index.php\/produit\/thermometre-flexible-genial\/#breadcrumb"},"inLanguage":"fr-FR","potentialAction":[{"@type":"ReadAction","target":["https:\/\/www.clean-protec.eu\/index.php\/produit\/thermometre-flexible-genial\/"]}]},{"@type":"BreadcrumbList","@id":"https:\/\/www.clean-protec.eu\/index.php\/produit\/thermometre-flexible-genial\/#breadcrumb","itemListElement":[{"@type":"ListItem","position":1,"name":"Accueil","item":"https:\/\/www.clean-protec.eu\/"},{"@type":"ListItem","position":2,"name":"Boutique Medical","item":"https:\/\/www.clean-protec.eu\/index.php\/shop-2\/"},{"@type":"ListItem","position":3,"name":"Thermom\u00e8tre Flexible GENIAL"}]},{"@type":"WebSite","@id":"https:\/\/www.clean-protec.eu\/#website","url":"https:\/\/www.clean-protec.eu\/","name":"Clean Protec","description":"CLEAN PROTEC est sp\u00e9cialis\u00e9 dans la vente d&#039;\u00e9quipements de protections individuelles et de m\u00e9dicaux en France","publisher":{"@id":"https:\/\/www.clean-protec.eu\/#organization"},"potentialAction":[{"@type":"SearchAction","target":{"@type":"EntryPoint","urlTemplate":"https:\/\/www.clean-protec.eu\/?s={search_term_string}"},"query-input":"required name=search_term_string"}],"inLanguage":"fr-FR"},{"@type":"Organization","@id":"https:\/\/www.clean-protec.eu\/#organization","name":"Clean Protec","url":"https:\/\/www.clean-protec.eu\/","logo":{"@type":"ImageObject","inLanguage":"fr-FR","@id":"https:\/\/www.clean-protec.eu\/#\/schema\/logo\/image\/","url":"https:\/\/www.clean-protec.eu\/wp-content\/uploads\/2020\/05\/logo_clean_protec1.png","contentUrl":"https:\/\/www.clean-protec.eu\/wp-content\/uploads\/2020\/05\/logo_clean_protec1.png","width":354,"height":275,"caption":"Clean Protec"},"image":{"@id":"https:\/\/www.clean-protec.eu\/#\/schema\/logo\/image\/"},"sameAs":["https:\/\/www.facebook.com\/114202367035261\/posts\/128364112285753\/?d=n&amp;amp;amp;amp;amp;amp;amp;amp;amp;amp;substory_index=2"]}]}},"_links":{"self":[{"href":"https:\/\/www.clean-protec.eu\/index.php\/wp-json\/wp\/v2\/product\/2081"}],"collection":[{"href":"https:\/\/www.clean-protec.eu\/index.php\/wp-json\/wp\/v2\/product"}],"about":[{"href":"https:\/\/www.clean-protec.eu\/index.php\/wp-json\/wp\/v2\/types\/product"}],"replies":[{"embeddable":true,"href":"https:\/\/www.clean-protec.eu\/index.php\/wp-json\/wp\/v2\/comments?post=2081"}],"wp:featuredmedia":[{"embeddable":true,"href":"https:\/\/www.clean-protec.eu\/index.php\/wp-json\/wp\/v2\/media\/2082"}],"wp:attachment":[{"href":"https:\/\/www.clean-protec.eu\/index.php\/wp-json\/wp\/v2\/media?parent=2081"}],"wp:term":[{"taxonomy":"product_cat","embeddable":true,"href":"https:\/\/www.clean-protec.eu\/index.php\/wp-json\/wp\/v2\/product_cat?post=2081"},{"taxonomy":"product_tag","embeddable":true,"href":"https:\/\/www.clean-protec.eu\/index.php\/wp-json\/wp\/v2\/product_tag?post=2081"}],"curies":[{"name":"wp","href":"https:\/\/api.w.org\/{rel}","templated":true}]}}