{"id":2110,"date":"2020-11-29T22:38:44","date_gmt":"2020-11-29T21:38:44","guid":{"rendered":"https:\/\/clean-protec.eu\/?post_type=product&#038;p=2110"},"modified":"2020-12-13T21:44:41","modified_gmt":"2020-12-13T20:44:41","slug":"lingettes-nettoyantes-desinfectantes-x100-sleepy-en14476","status":"publish","type":"product","link":"https:\/\/www.clean-protec.eu\/index.php\/produit\/lingettes-nettoyantes-desinfectantes-x100-sleepy-en14476\/","title":{"rendered":"Lingettes SLEEPY Virucide en14476 multi surface &#8211; paquet de 100"},"content":{"rendered":"<div class=\"product-tabs\">\n<p>Lingettes humides Bact\u00e9ricide et virucide, selon la norme EN 1276 et la norme EN 1650 et\u00a0 EN14476<\/p>\n<p>Les lingettes virucide SLEEPY permettent un nettoyage facile et pratique en \u00e9liminant 99,9% des bact\u00e9ries et virus \u00e0 tout moment sans utiliser d&rsquo;eau et de savon.<\/p>\n<\/div>\n<div class=\"product-tabs\">\n<h3 class=\"tabs-title\">Conseils d&rsquo;utilisation<\/h3>\n<div class=\"std new-std\">\n<p>Ce produit est destin\u00e9 \u00e0 entrer en contact avec la peau, \u00e9vitez tout contact avec les yeux.<br \/>\nLingette \u00e0 usage unique pr\u00eate \u00e0 l&#8217;emploi.<br \/>\nAppliquer sur l&rsquo;ensemble de la zone \u00e0 d\u00e9sinfecter en utilisant autant de lingettes que n\u00e9cessaire. Rin\u00e7age inutile. Bien refermer l&#8217;emballage apr\u00e8s chaque ouverture. Ne pas r\u00e9utiliser la lingette.<\/p>\n<\/div>\n<\/div>\n<div class=\"product-tabs\">\n<div class=\"std new-std\">\n<p>&nbsp;<\/p>\n<\/div>\n<\/div>\n<p><!--more--><\/p>\n","protected":false},"excerpt":{"rendered":"<div id=\"product-description-short-14449\" class=\"short-description\">\n<ul>\n<li><strong>Actif sur coronavirus<\/strong><\/li>\n<li>Lingettes virucide<\/li>\n<li>Nettoyage multi surface<\/li>\n<li>Paquet de 100 lingettes<\/li>\n<\/ul>\n<\/div>\n<div class=\"product-add-to-cart\">\n<div class=\"product-quantity clearfix\">\n<div class=\"qty\">\n<div class=\"input-group bootstrap-touchspin\"><\/div>\n<\/div>\n<\/div>\n<\/div>\n","protected":false},"featured_media":2111,"comment_status":"open","ping_status":"closed","template":"","meta":[],"product_cat":[199],"product_tag":[],"yoast_head":"<!-- This site is optimized with the Yoast SEO plugin v21.1 - https:\/\/yoast.com\/wordpress\/plugins\/seo\/ -->\n<title>Lingettes SLEEPY Virucide en14476 multi surface - paquet de 100<\/title>\n<meta name=\"description\" content=\"Lingettes SLEEPY virucide en14476 . Paquet de 100 lingettes Quantit\u00e9 par carton : 12 paquets Dimension du carton : 40X20X20 cm\" \/>\n<meta name=\"robots\" content=\"index, follow, max-snippet:-1, max-image-preview:large, max-video-preview:-1\" \/>\n<link rel=\"canonical\" href=\"https:\/\/www.clean-protec.eu\/index.php\/produit\/lingettes-nettoyantes-desinfectantes-x100-sleepy-en14476\/\" \/>\n<meta property=\"og:locale\" content=\"fr_FR\" \/>\n<meta property=\"og:type\" content=\"article\" \/>\n<meta property=\"og:title\" content=\"Lingettes SLEEPY Virucide en14476 multi surface - paquet de 100\" \/>\n<meta property=\"og:description\" content=\"Lingettes SLEEPY virucide en14476 . Paquet de 100 lingettes Quantit\u00e9 par carton : 12 paquets Dimension du carton : 40X20X20 cm\" \/>\n<meta property=\"og:url\" content=\"https:\/\/www.clean-protec.eu\/index.php\/produit\/lingettes-nettoyantes-desinfectantes-x100-sleepy-en14476\/\" \/>\n<meta property=\"og:site_name\" content=\"CLEAN PROTEC\" \/>\n<meta property=\"article:publisher\" content=\"https:\/\/www.facebook.com\/114202367035261\/posts\/128364112285753\/?d=n&amp;amp%3bamp%3bamp%3bamp%3bamp%3bamp%3bamp%3bamp%3bamp%3bamp%3bsubstory_index=2\" \/>\n<meta property=\"article:modified_time\" content=\"2020-12-13T20:44:41+00:00\" \/>\n<meta property=\"og:image\" content=\"https:\/\/www.clean-protec.eu\/wp-content\/uploads\/2020\/11\/SLEEPY.jpeg\" \/>\n\t<meta property=\"og:image:width\" content=\"800\" \/>\n\t<meta property=\"og:image:height\" content=\"534\" \/>\n\t<meta property=\"og:image:type\" content=\"image\/jpeg\" \/>\n<meta name=\"twitter:card\" content=\"summary_large_image\" \/>\n<script type=\"application\/ld+json\" class=\"yoast-schema-graph\">{\"@context\":\"https:\/\/schema.org\",\"@graph\":[{\"@type\":\"WebPage\",\"@id\":\"https:\/\/www.clean-protec.eu\/index.php\/produit\/lingettes-nettoyantes-desinfectantes-x100-sleepy-en14476\/\",\"url\":\"https:\/\/www.clean-protec.eu\/index.php\/produit\/lingettes-nettoyantes-desinfectantes-x100-sleepy-en14476\/\",\"name\":\"Lingettes SLEEPY Virucide en14476 multi surface - paquet de 100\",\"isPartOf\":{\"@id\":\"https:\/\/www.clean-protec.eu\/#website\"},\"datePublished\":\"2020-11-29T21:38:44+00:00\",\"dateModified\":\"2020-12-13T20:44:41+00:00\",\"description\":\"Lingettes SLEEPY virucide en14476 . Paquet de 100 lingettes Quantit\u00e9 par carton : 12 paquets Dimension du carton : 40X20X20 cm\",\"breadcrumb\":{\"@id\":\"https:\/\/www.clean-protec.eu\/index.php\/produit\/lingettes-nettoyantes-desinfectantes-x100-sleepy-en14476\/#breadcrumb\"},\"inLanguage\":\"fr-FR\",\"potentialAction\":[{\"@type\":\"ReadAction\",\"target\":[\"https:\/\/www.clean-protec.eu\/index.php\/produit\/lingettes-nettoyantes-desinfectantes-x100-sleepy-en14476\/\"]}]},{\"@type\":\"BreadcrumbList\",\"@id\":\"https:\/\/www.clean-protec.eu\/index.php\/produit\/lingettes-nettoyantes-desinfectantes-x100-sleepy-en14476\/#breadcrumb\",\"itemListElement\":[{\"@type\":\"ListItem\",\"position\":1,\"name\":\"Accueil\",\"item\":\"https:\/\/www.clean-protec.eu\/\"},{\"@type\":\"ListItem\",\"position\":2,\"name\":\"Boutique Medical\",\"item\":\"https:\/\/www.clean-protec.eu\/index.php\/shop-2\/\"},{\"@type\":\"ListItem\",\"position\":3,\"name\":\"Lingettes SLEEPY Virucide en14476 multi surface &#8211; paquet de 100\"}]},{\"@type\":\"WebSite\",\"@id\":\"https:\/\/www.clean-protec.eu\/#website\",\"url\":\"https:\/\/www.clean-protec.eu\/\",\"name\":\"Clean Protec\",\"description\":\"CLEAN PROTEC est sp\u00e9cialis\u00e9 dans la vente d&#039;\u00e9quipements de protections individuelles et de m\u00e9dicaux en France\",\"publisher\":{\"@id\":\"https:\/\/www.clean-protec.eu\/#organization\"},\"potentialAction\":[{\"@type\":\"SearchAction\",\"target\":{\"@type\":\"EntryPoint\",\"urlTemplate\":\"https:\/\/www.clean-protec.eu\/?s={search_term_string}\"},\"query-input\":\"required name=search_term_string\"}],\"inLanguage\":\"fr-FR\"},{\"@type\":\"Organization\",\"@id\":\"https:\/\/www.clean-protec.eu\/#organization\",\"name\":\"Clean Protec\",\"url\":\"https:\/\/www.clean-protec.eu\/\",\"logo\":{\"@type\":\"ImageObject\",\"inLanguage\":\"fr-FR\",\"@id\":\"https:\/\/www.clean-protec.eu\/#\/schema\/logo\/image\/\",\"url\":\"https:\/\/www.clean-protec.eu\/wp-content\/uploads\/2020\/05\/logo_clean_protec1.png\",\"contentUrl\":\"https:\/\/www.clean-protec.eu\/wp-content\/uploads\/2020\/05\/logo_clean_protec1.png\",\"width\":354,\"height\":275,\"caption\":\"Clean Protec\"},\"image\":{\"@id\":\"https:\/\/www.clean-protec.eu\/#\/schema\/logo\/image\/\"},\"sameAs\":[\"https:\/\/www.facebook.com\/114202367035261\/posts\/128364112285753\/?d=n&amp;amp;amp;amp;amp;amp;amp;amp;amp;amp;substory_index=2\"]}]}<\/script>\n<!-- \/ Yoast SEO plugin. -->","yoast_head_json":{"title":"Lingettes SLEEPY Virucide en14476 multi surface - paquet de 100","description":"Lingettes SLEEPY virucide en14476 . Paquet de 100 lingettes Quantit\u00e9 par carton : 12 paquets Dimension du carton : 40X20X20 cm","robots":{"index":"index","follow":"follow","max-snippet":"max-snippet:-1","max-image-preview":"max-image-preview:large","max-video-preview":"max-video-preview:-1"},"canonical":"https:\/\/www.clean-protec.eu\/index.php\/produit\/lingettes-nettoyantes-desinfectantes-x100-sleepy-en14476\/","og_locale":"fr_FR","og_type":"article","og_title":"Lingettes SLEEPY Virucide en14476 multi surface - paquet de 100","og_description":"Lingettes SLEEPY virucide en14476 . Paquet de 100 lingettes Quantit\u00e9 par carton : 12 paquets Dimension du carton : 40X20X20 cm","og_url":"https:\/\/www.clean-protec.eu\/index.php\/produit\/lingettes-nettoyantes-desinfectantes-x100-sleepy-en14476\/","og_site_name":"CLEAN PROTEC","article_publisher":"https:\/\/www.facebook.com\/114202367035261\/posts\/128364112285753\/?d=n&amp%3bamp%3bamp%3bamp%3bamp%3bamp%3bamp%3bamp%3bamp%3bamp%3bsubstory_index=2","article_modified_time":"2020-12-13T20:44:41+00:00","og_image":[{"width":800,"height":534,"url":"https:\/\/www.clean-protec.eu\/wp-content\/uploads\/2020\/11\/SLEEPY.jpeg","type":"image\/jpeg"}],"twitter_card":"summary_large_image","schema":{"@context":"https:\/\/schema.org","@graph":[{"@type":"WebPage","@id":"https:\/\/www.clean-protec.eu\/index.php\/produit\/lingettes-nettoyantes-desinfectantes-x100-sleepy-en14476\/","url":"https:\/\/www.clean-protec.eu\/index.php\/produit\/lingettes-nettoyantes-desinfectantes-x100-sleepy-en14476\/","name":"Lingettes SLEEPY Virucide en14476 multi surface - paquet de 100","isPartOf":{"@id":"https:\/\/www.clean-protec.eu\/#website"},"datePublished":"2020-11-29T21:38:44+00:00","dateModified":"2020-12-13T20:44:41+00:00","description":"Lingettes SLEEPY virucide en14476 . Paquet de 100 lingettes Quantit\u00e9 par carton : 12 paquets Dimension du carton : 40X20X20 cm","breadcrumb":{"@id":"https:\/\/www.clean-protec.eu\/index.php\/produit\/lingettes-nettoyantes-desinfectantes-x100-sleepy-en14476\/#breadcrumb"},"inLanguage":"fr-FR","potentialAction":[{"@type":"ReadAction","target":["https:\/\/www.clean-protec.eu\/index.php\/produit\/lingettes-nettoyantes-desinfectantes-x100-sleepy-en14476\/"]}]},{"@type":"BreadcrumbList","@id":"https:\/\/www.clean-protec.eu\/index.php\/produit\/lingettes-nettoyantes-desinfectantes-x100-sleepy-en14476\/#breadcrumb","itemListElement":[{"@type":"ListItem","position":1,"name":"Accueil","item":"https:\/\/www.clean-protec.eu\/"},{"@type":"ListItem","position":2,"name":"Boutique Medical","item":"https:\/\/www.clean-protec.eu\/index.php\/shop-2\/"},{"@type":"ListItem","position":3,"name":"Lingettes SLEEPY Virucide en14476 multi surface &#8211; paquet de 100"}]},{"@type":"WebSite","@id":"https:\/\/www.clean-protec.eu\/#website","url":"https:\/\/www.clean-protec.eu\/","name":"Clean Protec","description":"CLEAN PROTEC est sp\u00e9cialis\u00e9 dans la vente d&#039;\u00e9quipements de protections individuelles et de m\u00e9dicaux en France","publisher":{"@id":"https:\/\/www.clean-protec.eu\/#organization"},"potentialAction":[{"@type":"SearchAction","target":{"@type":"EntryPoint","urlTemplate":"https:\/\/www.clean-protec.eu\/?s={search_term_string}"},"query-input":"required name=search_term_string"}],"inLanguage":"fr-FR"},{"@type":"Organization","@id":"https:\/\/www.clean-protec.eu\/#organization","name":"Clean Protec","url":"https:\/\/www.clean-protec.eu\/","logo":{"@type":"ImageObject","inLanguage":"fr-FR","@id":"https:\/\/www.clean-protec.eu\/#\/schema\/logo\/image\/","url":"https:\/\/www.clean-protec.eu\/wp-content\/uploads\/2020\/05\/logo_clean_protec1.png","contentUrl":"https:\/\/www.clean-protec.eu\/wp-content\/uploads\/2020\/05\/logo_clean_protec1.png","width":354,"height":275,"caption":"Clean Protec"},"image":{"@id":"https:\/\/www.clean-protec.eu\/#\/schema\/logo\/image\/"},"sameAs":["https:\/\/www.facebook.com\/114202367035261\/posts\/128364112285753\/?d=n&amp;amp;amp;amp;amp;amp;amp;amp;amp;amp;substory_index=2"]}]}},"_links":{"self":[{"href":"https:\/\/www.clean-protec.eu\/index.php\/wp-json\/wp\/v2\/product\/2110"}],"collection":[{"href":"https:\/\/www.clean-protec.eu\/index.php\/wp-json\/wp\/v2\/product"}],"about":[{"href":"https:\/\/www.clean-protec.eu\/index.php\/wp-json\/wp\/v2\/types\/product"}],"replies":[{"embeddable":true,"href":"https:\/\/www.clean-protec.eu\/index.php\/wp-json\/wp\/v2\/comments?post=2110"}],"wp:featuredmedia":[{"embeddable":true,"href":"https:\/\/www.clean-protec.eu\/index.php\/wp-json\/wp\/v2\/media\/2111"}],"wp:attachment":[{"href":"https:\/\/www.clean-protec.eu\/index.php\/wp-json\/wp\/v2\/media?parent=2110"}],"wp:term":[{"taxonomy":"product_cat","embeddable":true,"href":"https:\/\/www.clean-protec.eu\/index.php\/wp-json\/wp\/v2\/product_cat?post=2110"},{"taxonomy":"product_tag","embeddable":true,"href":"https:\/\/www.clean-protec.eu\/index.php\/wp-json\/wp\/v2\/product_tag?post=2110"}],"curies":[{"name":"wp","href":"https:\/\/api.w.org\/{rel}","templated":true}]}}