{"id":2298,"date":"2020-12-06T01:14:01","date_gmt":"2020-12-06T00:14:01","guid":{"rendered":"https:\/\/clean-protec.eu\/?post_type=product&#038;p=2298"},"modified":"2023-01-11T18:00:58","modified_gmt":"2023-01-11T17:00:58","slug":"masques-ffp2-nr-bec-de-canard-boite-de-20-masques","status":"publish","type":"product","link":"https:\/\/www.clean-protec.eu\/index.php\/produit\/masques-ffp2-nr-bec-de-canard-boite-de-20-masques\/","title":{"rendered":"Masque respiratoire FFP2- NR bec de canard-Bo\u00eete de 20 masques"},"content":{"rendered":"<ul>\n<li><strong>Masque respiratoire filtrant<\/strong>\u00a0contre les particules solides et liquides de type\u00a0<strong>FFP2<\/strong>\u00a0(usage unique)<\/li>\n<li>Masque FFP2 plat, dit bec de canard (forme trap\u00e9zo\u00efdale)<\/li>\n<li>M\u00e9dia \u00e0 feutre \u00e0 grande efficacit\u00e9 \u00e9lectrostatique<\/li>\n<li>Sans valve<\/li>\n<li>L\u00e9ger, doux et confortable<\/li>\n<li>Elastique de maintien derri\u00e8re la t\u00eate<\/li>\n<li>Bonne adaptation au visage<\/li>\n<li>Coloris : Blanc<\/li>\n<li>Vendu par\u00a0<strong>paquet de 20 masques FFP2<\/strong><\/li>\n<\/ul>\n<h3>Norme :<\/h3>\n<h4>EN 149 &#8211; Demi masque filtrant contre les particules a\u00e9rosols<\/h4>\n<ul>\n<li><strong>FFP2<\/strong>\u00a0: fines particules, a\u00e9rosols solides et liquides<\/li>\n<li>NR : non r\u00e9utilisable<\/li>\n<li>D : conforme \u00e0 l&rsquo;essai de colmatage utilisant la dolomie. Moins de r\u00e9sistance respiratoire et plus de confort pour l&rsquo;utilisateur<\/li>\n<\/ul>\n<p><strong>Le certificat de conformit\u00e9 CE est disponible en t\u00e9l\u00e9chargement ci-dessous.<\/strong><\/p>\n<h3>Utilisations* :<\/h3>\n<p>Ce masque FFP2 offre une protection filtrante contre les virus, les allerg\u00e8nes, la pollution, les poussi\u00e8res de b\u00e9ton, ciment, pl\u00e2tre&#8230;<\/p>\n<p>* Ces exemples d&rsquo;utilisations sont donn\u00e9s \u00e0 titre indicatif. C&rsquo;est \u00e0 l&rsquo;utilisateur final de v\u00e9rifier si le masque jetable est adapt\u00e9 ou non \u00e0 l&rsquo;usage envisag\u00e9. Lisez la notice avant utilisation.<\/p>\n","protected":false},"excerpt":{"rendered":"<div id=\"short_description_block\">\n<div id=\"short_description_content\" class=\"rte align_justify\">\n<p>Ce\u00a0<strong>masque jetable FFP2<\/strong>\u00a0est conforme \u00e0 la norme\u00a0<strong>EN 149<\/strong>\u00a0et<strong>\u00a0certifi\u00e9 CE<\/strong>. Sans valve, ce masque bec de canard offre une bonne adaptation au visage. L\u00e9ger, il poss\u00e8de des \u00e9lastiques de maintien \u00e0 placer derri\u00e8re la t\u00eate. Il est adapt\u00e9 \u00e0 de nombreuses situations professionnelles. Vendu par paquet de\u00a0<strong>20 masques FFP2<\/strong>.<\/p>\n<\/div>\n<\/div>\n<div class=\"netreviews_stars_light\">\n<div id=\"top\">\n<div class=\"netreviews_review_rate_and_stars\">\n<div class=\"netreviews_font_stars\"><\/div>\n<\/div>\n<\/div>\n<\/div>\n","protected":false},"featured_media":2303,"comment_status":"open","ping_status":"closed","template":"","meta":[],"product_cat":[198],"product_tag":[],"yoast_head":"<!-- This site is optimized with the Yoast SEO plugin v21.1 - https:\/\/yoast.com\/wordpress\/plugins\/seo\/ -->\n<title>Masques FFP2 NR bec de canard&ndash; CLEAN PROTEC<\/title>\n<meta name=\"description\" content=\"Masque respiratoire filtrant\u00a0contre les particules solides et liquides de type\u00a0FFP, plat, dit bec de canard (forme trap\u00e9zo\u00efdale). Sans valve.\" \/>\n<meta name=\"robots\" content=\"index, follow, max-snippet:-1, max-image-preview:large, max-video-preview:-1\" \/>\n<link rel=\"canonical\" href=\"https:\/\/www.clean-protec.eu\/index.php\/produit\/masques-ffp2-nr-bec-de-canard-boite-de-20-masques\/\" \/>\n<meta property=\"og:locale\" content=\"fr_FR\" \/>\n<meta property=\"og:type\" content=\"article\" \/>\n<meta property=\"og:title\" content=\"Masques FFP2 NR bec de canard&ndash; CLEAN PROTEC\" \/>\n<meta property=\"og:description\" content=\"Masque respiratoire filtrant\u00a0contre les particules solides et liquides de type\u00a0FFP, plat, dit bec de canard (forme trap\u00e9zo\u00efdale). Sans valve.\" \/>\n<meta property=\"og:url\" content=\"https:\/\/www.clean-protec.eu\/index.php\/produit\/masques-ffp2-nr-bec-de-canard-boite-de-20-masques\/\" \/>\n<meta property=\"og:site_name\" content=\"CLEAN PROTEC\" \/>\n<meta property=\"article:publisher\" content=\"https:\/\/www.facebook.com\/114202367035261\/posts\/128364112285753\/?d=n&amp;amp%3bamp%3bamp%3bamp%3bamp%3bamp%3bamp%3bamp%3bamp%3bamp%3bsubstory_index=2\" \/>\n<meta property=\"article:modified_time\" content=\"2023-01-11T17:00:58+00:00\" \/>\n<meta property=\"og:image\" content=\"https:\/\/www.clean-protec.eu\/wp-content\/uploads\/2020\/12\/FFP2-1.jpg\" \/>\n\t<meta property=\"og:image:width\" content=\"700\" \/>\n\t<meta property=\"og:image:height\" content=\"700\" \/>\n\t<meta property=\"og:image:type\" content=\"image\/jpeg\" \/>\n<meta name=\"twitter:card\" content=\"summary_large_image\" \/>\n<meta name=\"twitter:label1\" content=\"Dur\u00e9e de lecture estim\u00e9e\" \/>\n\t<meta name=\"twitter:data1\" content=\"1 minute\" \/>\n<script type=\"application\/ld+json\" class=\"yoast-schema-graph\">{\"@context\":\"https:\/\/schema.org\",\"@graph\":[{\"@type\":\"WebPage\",\"@id\":\"https:\/\/www.clean-protec.eu\/index.php\/produit\/masques-ffp2-nr-bec-de-canard-boite-de-20-masques\/\",\"url\":\"https:\/\/www.clean-protec.eu\/index.php\/produit\/masques-ffp2-nr-bec-de-canard-boite-de-20-masques\/\",\"name\":\"Masques FFP2 NR bec de canard&ndash; CLEAN PROTEC\",\"isPartOf\":{\"@id\":\"https:\/\/www.clean-protec.eu\/#website\"},\"datePublished\":\"2020-12-06T00:14:01+00:00\",\"dateModified\":\"2023-01-11T17:00:58+00:00\",\"description\":\"Masque respiratoire filtrant\u00a0contre les particules solides et liquides de type\u00a0FFP, plat, dit bec de canard (forme trap\u00e9zo\u00efdale). Sans valve.\",\"breadcrumb\":{\"@id\":\"https:\/\/www.clean-protec.eu\/index.php\/produit\/masques-ffp2-nr-bec-de-canard-boite-de-20-masques\/#breadcrumb\"},\"inLanguage\":\"fr-FR\",\"potentialAction\":[{\"@type\":\"ReadAction\",\"target\":[\"https:\/\/www.clean-protec.eu\/index.php\/produit\/masques-ffp2-nr-bec-de-canard-boite-de-20-masques\/\"]}]},{\"@type\":\"BreadcrumbList\",\"@id\":\"https:\/\/www.clean-protec.eu\/index.php\/produit\/masques-ffp2-nr-bec-de-canard-boite-de-20-masques\/#breadcrumb\",\"itemListElement\":[{\"@type\":\"ListItem\",\"position\":1,\"name\":\"Accueil\",\"item\":\"https:\/\/www.clean-protec.eu\/\"},{\"@type\":\"ListItem\",\"position\":2,\"name\":\"Boutique Medical\",\"item\":\"https:\/\/www.clean-protec.eu\/index.php\/shop-2\/\"},{\"@type\":\"ListItem\",\"position\":3,\"name\":\"Masque respiratoire FFP2- NR bec de canard-Bo\u00eete de 20 masques\"}]},{\"@type\":\"WebSite\",\"@id\":\"https:\/\/www.clean-protec.eu\/#website\",\"url\":\"https:\/\/www.clean-protec.eu\/\",\"name\":\"Clean Protec\",\"description\":\"CLEAN PROTEC est sp\u00e9cialis\u00e9 dans la vente d&#039;\u00e9quipements de protections individuelles et de m\u00e9dicaux en France\",\"publisher\":{\"@id\":\"https:\/\/www.clean-protec.eu\/#organization\"},\"potentialAction\":[{\"@type\":\"SearchAction\",\"target\":{\"@type\":\"EntryPoint\",\"urlTemplate\":\"https:\/\/www.clean-protec.eu\/?s={search_term_string}\"},\"query-input\":\"required name=search_term_string\"}],\"inLanguage\":\"fr-FR\"},{\"@type\":\"Organization\",\"@id\":\"https:\/\/www.clean-protec.eu\/#organization\",\"name\":\"Clean Protec\",\"url\":\"https:\/\/www.clean-protec.eu\/\",\"logo\":{\"@type\":\"ImageObject\",\"inLanguage\":\"fr-FR\",\"@id\":\"https:\/\/www.clean-protec.eu\/#\/schema\/logo\/image\/\",\"url\":\"https:\/\/www.clean-protec.eu\/wp-content\/uploads\/2020\/05\/logo_clean_protec1.png\",\"contentUrl\":\"https:\/\/www.clean-protec.eu\/wp-content\/uploads\/2020\/05\/logo_clean_protec1.png\",\"width\":354,\"height\":275,\"caption\":\"Clean Protec\"},\"image\":{\"@id\":\"https:\/\/www.clean-protec.eu\/#\/schema\/logo\/image\/\"},\"sameAs\":[\"https:\/\/www.facebook.com\/114202367035261\/posts\/128364112285753\/?d=n&amp;amp;amp;amp;amp;amp;amp;amp;amp;amp;substory_index=2\"]}]}<\/script>\n<!-- \/ Yoast SEO plugin. -->","yoast_head_json":{"title":"Masques FFP2 NR bec de canard&ndash; CLEAN PROTEC","description":"Masque respiratoire filtrant\u00a0contre les particules solides et liquides de type\u00a0FFP, plat, dit bec de canard (forme trap\u00e9zo\u00efdale). Sans valve.","robots":{"index":"index","follow":"follow","max-snippet":"max-snippet:-1","max-image-preview":"max-image-preview:large","max-video-preview":"max-video-preview:-1"},"canonical":"https:\/\/www.clean-protec.eu\/index.php\/produit\/masques-ffp2-nr-bec-de-canard-boite-de-20-masques\/","og_locale":"fr_FR","og_type":"article","og_title":"Masques FFP2 NR bec de canard&ndash; CLEAN PROTEC","og_description":"Masque respiratoire filtrant\u00a0contre les particules solides et liquides de type\u00a0FFP, plat, dit bec de canard (forme trap\u00e9zo\u00efdale). Sans valve.","og_url":"https:\/\/www.clean-protec.eu\/index.php\/produit\/masques-ffp2-nr-bec-de-canard-boite-de-20-masques\/","og_site_name":"CLEAN PROTEC","article_publisher":"https:\/\/www.facebook.com\/114202367035261\/posts\/128364112285753\/?d=n&amp%3bamp%3bamp%3bamp%3bamp%3bamp%3bamp%3bamp%3bamp%3bamp%3bsubstory_index=2","article_modified_time":"2023-01-11T17:00:58+00:00","og_image":[{"width":700,"height":700,"url":"https:\/\/www.clean-protec.eu\/wp-content\/uploads\/2020\/12\/FFP2-1.jpg","type":"image\/jpeg"}],"twitter_card":"summary_large_image","twitter_misc":{"Dur\u00e9e de lecture estim\u00e9e":"1 minute"},"schema":{"@context":"https:\/\/schema.org","@graph":[{"@type":"WebPage","@id":"https:\/\/www.clean-protec.eu\/index.php\/produit\/masques-ffp2-nr-bec-de-canard-boite-de-20-masques\/","url":"https:\/\/www.clean-protec.eu\/index.php\/produit\/masques-ffp2-nr-bec-de-canard-boite-de-20-masques\/","name":"Masques FFP2 NR bec de canard&ndash; CLEAN PROTEC","isPartOf":{"@id":"https:\/\/www.clean-protec.eu\/#website"},"datePublished":"2020-12-06T00:14:01+00:00","dateModified":"2023-01-11T17:00:58+00:00","description":"Masque respiratoire filtrant\u00a0contre les particules solides et liquides de type\u00a0FFP, plat, dit bec de canard (forme trap\u00e9zo\u00efdale). Sans valve.","breadcrumb":{"@id":"https:\/\/www.clean-protec.eu\/index.php\/produit\/masques-ffp2-nr-bec-de-canard-boite-de-20-masques\/#breadcrumb"},"inLanguage":"fr-FR","potentialAction":[{"@type":"ReadAction","target":["https:\/\/www.clean-protec.eu\/index.php\/produit\/masques-ffp2-nr-bec-de-canard-boite-de-20-masques\/"]}]},{"@type":"BreadcrumbList","@id":"https:\/\/www.clean-protec.eu\/index.php\/produit\/masques-ffp2-nr-bec-de-canard-boite-de-20-masques\/#breadcrumb","itemListElement":[{"@type":"ListItem","position":1,"name":"Accueil","item":"https:\/\/www.clean-protec.eu\/"},{"@type":"ListItem","position":2,"name":"Boutique Medical","item":"https:\/\/www.clean-protec.eu\/index.php\/shop-2\/"},{"@type":"ListItem","position":3,"name":"Masque respiratoire FFP2- NR bec de canard-Bo\u00eete de 20 masques"}]},{"@type":"WebSite","@id":"https:\/\/www.clean-protec.eu\/#website","url":"https:\/\/www.clean-protec.eu\/","name":"Clean Protec","description":"CLEAN PROTEC est sp\u00e9cialis\u00e9 dans la vente d&#039;\u00e9quipements de protections individuelles et de m\u00e9dicaux en France","publisher":{"@id":"https:\/\/www.clean-protec.eu\/#organization"},"potentialAction":[{"@type":"SearchAction","target":{"@type":"EntryPoint","urlTemplate":"https:\/\/www.clean-protec.eu\/?s={search_term_string}"},"query-input":"required name=search_term_string"}],"inLanguage":"fr-FR"},{"@type":"Organization","@id":"https:\/\/www.clean-protec.eu\/#organization","name":"Clean Protec","url":"https:\/\/www.clean-protec.eu\/","logo":{"@type":"ImageObject","inLanguage":"fr-FR","@id":"https:\/\/www.clean-protec.eu\/#\/schema\/logo\/image\/","url":"https:\/\/www.clean-protec.eu\/wp-content\/uploads\/2020\/05\/logo_clean_protec1.png","contentUrl":"https:\/\/www.clean-protec.eu\/wp-content\/uploads\/2020\/05\/logo_clean_protec1.png","width":354,"height":275,"caption":"Clean Protec"},"image":{"@id":"https:\/\/www.clean-protec.eu\/#\/schema\/logo\/image\/"},"sameAs":["https:\/\/www.facebook.com\/114202367035261\/posts\/128364112285753\/?d=n&amp;amp;amp;amp;amp;amp;amp;amp;amp;amp;substory_index=2"]}]}},"_links":{"self":[{"href":"https:\/\/www.clean-protec.eu\/index.php\/wp-json\/wp\/v2\/product\/2298"}],"collection":[{"href":"https:\/\/www.clean-protec.eu\/index.php\/wp-json\/wp\/v2\/product"}],"about":[{"href":"https:\/\/www.clean-protec.eu\/index.php\/wp-json\/wp\/v2\/types\/product"}],"replies":[{"embeddable":true,"href":"https:\/\/www.clean-protec.eu\/index.php\/wp-json\/wp\/v2\/comments?post=2298"}],"wp:featuredmedia":[{"embeddable":true,"href":"https:\/\/www.clean-protec.eu\/index.php\/wp-json\/wp\/v2\/media\/2303"}],"wp:attachment":[{"href":"https:\/\/www.clean-protec.eu\/index.php\/wp-json\/wp\/v2\/media?parent=2298"}],"wp:term":[{"taxonomy":"product_cat","embeddable":true,"href":"https:\/\/www.clean-protec.eu\/index.php\/wp-json\/wp\/v2\/product_cat?post=2298"},{"taxonomy":"product_tag","embeddable":true,"href":"https:\/\/www.clean-protec.eu\/index.php\/wp-json\/wp\/v2\/product_tag?post=2298"}],"curies":[{"name":"wp","href":"https:\/\/api.w.org\/{rel}","templated":true}]}}